{"id":931,"date":"2025-03-02T07:04:42","date_gmt":"2025-03-02T06:04:42","guid":{"rendered":"http:\/\/caroccitan.fr\/web\/?page_id=931"},"modified":"2025-03-08T08:08:41","modified_gmt":"2025-03-08T07:08:41","slug":"devenir-membre","status":"publish","type":"page","link":"https:\/\/caroccitan.fr\/web\/devenir-membre\/","title":{"rendered":"Devenir membre"},"content":{"rendered":"<p>[vc_row][vc_column css_animation=&#8221;fadeInLeft&#8221; width=&#8221;2\/3&#8243;][rev_slider_vc alias=&#8221;slider&#8221;][vc_custom_heading text=&#8221;DEVENIR MEMBRE&#8221; font_container=&#8221;tag:h2|font_size:40|text_align:left|color:%23b40911&#8243; use_theme_fonts=&#8221;yes&#8221;][vc_column_text]<a href=\"https:\/\/caroccitan.fr\/web\/wp-content\/uploads\/2025\/02\/Capture-decran_13-2-2025_161114_.jpeg\"><img loading=\"lazy\" decoding=\"async\" class=\"wp-image-3524 aligncenter\" src=\"https:\/\/caroccitan.fr\/web\/wp-content\/uploads\/2025\/02\/Capture-decran_13-2-2025_161114_.jpeg\" alt=\"\" width=\"193\" height=\"162\" \/><\/a><span style=\"color: #333333;\"><strong>Le C.A.R. OCCITAN termine son 40\u00e8me exercice avec 50 adh\u00e9rents. Depuis sa cr\u00e9ation, 420 adh\u00e9rents se sont succ\u00e9d\u00e9s au sein du club. <\/strong><\/span><\/p>\n<p><strong>La famille s\u2019agrandit : Dans la dynamique d\u2019Occitania Auto R\u00e9tro 2024.<\/strong><\/p>\n<p>Nous avons eu le plaisir d\u2019accueillir Yannis SALLAZ, de GAILLAC (81), Jean-Christophe DERVAUX, de BEAUFORT (31) et Marcel GUERRERO, de M\u00e9zens (81)..<\/p>\n<p>Nous leur souhaitons la bienvenue<br \/>\nD\u2019autres devraient \u00e9galement nous rejoindre\u2026<\/p>\n<p>COTISATION :<br \/>\nLa cotisation \u00ab membre actif \u00bb pour l\u2019exercice 2025 est de 20 \u20ac, 30 \u20ac avec<a href=\"https:\/\/www.anciennesrenault.com\/le-club\/les-publications\" target=\"_blank\" rel=\"noopener\"> Prise Directe<\/a> en version papier.46,50 \u20ac avec l\u2019abonnement \u00e0 <a href=\"https:\/\/www.millemiles.com\/\" target=\"_blank\" rel=\"noopener noreferrer\">Mille Miles<\/a>.<br \/>\nGratuit\u00e9 pour les conjoints faisant partie du conseil d&#8217;administration et\/ou du bureau.[\/vc_column_text][vc_btn title=&#8221;Adh\u00e9rer au CAR OCCITAN&#8221; shape=&#8221;round&#8221; color=&#8221;warning&#8221; size=&#8221;lg&#8221; align=&#8221;left&#8221; i_icon_fontawesome=&#8221;icon-right-arrow&#8221; add_icon=&#8221;true&#8221; link=&#8221;url:https%3A%2F%2Fcaroccitan.fr%2Fweb%2Fwp-content%2Fuploads%2F2025%2F02%2Fbulletin-adhesion-2025.pdf||target:%20_blank|&#8221;][vc_gmaps link=&#8221;#E-8_JTNDaWZyYW1lJTIwc3JjJTNEJTIyaHR0cHMlM0ElMkYlMkZ3d3cuZ29vZ2xlLmNvbSUyRm1hcHMlMkZlbWJlZCUzRnBiJTNEJTIxMW0xMCUyMTFtOCUyMTFtMyUyMTFkNTc1NC4yNjUyODk1MTQ0MyUyMTJkMS44MDc4MjA0JTIxM2Q0My44NTMwNzkzJTIxM20yJTIxMWkxMDI0JTIxMmk3NjglMjE0ZjEzLjElMjE1ZTAlMjEzbTIlMjExc2ZyJTIxMnNmciUyMTR2MTU1NzM5NzE2NTQ5MyUyMTVtMiUyMTFzZnIlMjEyc2ZyJTIyJTIwd2lkdGglM0QlMjI2MDAlMjIlMjBoZWlnaHQlM0QlMjI0NTAlMjIlMjBmcmFtZWJvcmRlciUzRCUyMjAlMjIlMjBzdHlsZSUzRCUyMmJvcmRlciUzQTAlMjIlMjBhbGxvd2Z1bGxzY3JlZW4lM0UlM0MlMkZpZnJhbWUlM0U=&#8221;][\/vc_column][vc_column width=&#8221;1\/3&#8243; css=&#8221;.vc_custom_1519312964958{background-color: #f4f4f4 !important;}&#8221;][vc_wp_search][vc_widget_sidebar sidebar_id=&#8221;blog_sideber&#8221;][\/vc_column][\/vc_row]<\/p>\n","protected":false},"excerpt":{"rendered":"<p>[vc_row][vc_column css_animation=&#8221;fadeInLeft&#8221; width=&#8221;2\/3&#8243;][rev_slider_vc alias=&#8221;slider&#8221;][vc_custom_heading text=&#8221;DEVENIR MEMBRE&#8221; font_container=&#8221;tag:h2|font_size:40|text_align:left|color:%23b40911&#8243; use_theme_fonts=&#8221;yes&#8221;][vc_column_text]Le C.A.R. OCCITAN termine son 40\u00e8me exercice avec 50 adh\u00e9rents. Depuis sa cr\u00e9ation, 420 adh\u00e9rents se sont succ\u00e9d\u00e9s au sein du club. La famille s\u2019agrandit : Dans la dynamique d\u2019Occitania Auto R\u00e9tro 2024. Nous avons eu le plaisir d\u2019accueillir Yannis SALLAZ, de GAILLAC (81), Jean-Christophe DERVAUX, de BEAUFORT [&hellip;]<\/p>\n","protected":false},"author":2,"featured_media":0,"parent":0,"menu_order":0,"comment_status":"closed","ping_status":"closed","template":"","meta":{"footnotes":""},"yoast_head":"<!-- This site is optimized with the Yoast SEO plugin v20.4 - https:\/\/yoast.com\/wordpress\/plugins\/seo\/ -->\n<title>Devenir membre - C.A.R Occitan Lisle sur Tarn 81310<\/title>\n<meta name=\"description\" content=\"devenir membre. La cotisation \u00ab membre actif \u00bb pour l\u2019exercice 2025 est de 20 \u20ac, 30\u20ac avec Prise Direct ou 46,50 \u20ac avec l\u2019abonnement \u00e0 Mille\" \/>\n<meta name=\"robots\" content=\"index, follow, max-snippet:-1, max-image-preview:large, max-video-preview:-1\" \/>\n<link rel=\"canonical\" href=\"https:\/\/caroccitan.fr\/web\/devenir-membre\/\" \/>\n<meta property=\"og:locale\" content=\"fr_FR\" \/>\n<meta property=\"og:type\" content=\"article\" \/>\n<meta property=\"og:title\" content=\"Devenir membre - C.A.R Occitan Lisle sur Tarn 81310\" \/>\n<meta property=\"og:description\" content=\"devenir membre. La cotisation \u00ab membre actif \u00bb pour l\u2019exercice 2025 est de 20 \u20ac, 30\u20ac avec Prise Direct ou 46,50 \u20ac avec l\u2019abonnement \u00e0 Mille\" \/>\n<meta property=\"og:url\" content=\"https:\/\/caroccitan.fr\/web\/devenir-membre\/\" \/>\n<meta property=\"og:site_name\" content=\"C.A.R Occitan\" \/>\n<meta property=\"article:modified_time\" content=\"2025-03-08T07:08:41+00:00\" \/>\n<meta property=\"og:image\" content=\"https:\/\/caroccitan.fr\/web\/wp-content\/uploads\/2025\/02\/Capture-decran_13-2-2025_161114_.jpeg\" \/>\n<meta name=\"twitter:card\" content=\"summary_large_image\" \/>\n<meta name=\"twitter:label1\" content=\"Dur\u00e9e de lecture estim\u00e9e\" \/>\n\t<meta name=\"twitter:data1\" content=\"1 minute\" \/>\n<script type=\"application\/ld+json\" class=\"yoast-schema-graph\">{\"@context\":\"https:\/\/schema.org\",\"@graph\":[{\"@type\":\"WebPage\",\"@id\":\"https:\/\/caroccitan.fr\/web\/devenir-membre\/\",\"url\":\"https:\/\/caroccitan.fr\/web\/devenir-membre\/\",\"name\":\"Devenir membre - C.A.R Occitan Lisle sur Tarn 81310\",\"isPartOf\":{\"@id\":\"https:\/\/caroccitan.fr\/web\/#website\"},\"datePublished\":\"2025-03-02T06:04:42+00:00\",\"dateModified\":\"2025-03-08T07:08:41+00:00\",\"description\":\"devenir membre. La cotisation \u00ab membre actif \u00bb pour l\u2019exercice 2025 est de 20 \u20ac, 30\u20ac avec Prise Direct ou 46,50 \u20ac avec l\u2019abonnement \u00e0 Mille\",\"breadcrumb\":{\"@id\":\"https:\/\/caroccitan.fr\/web\/devenir-membre\/#breadcrumb\"},\"inLanguage\":\"fr-FR\",\"potentialAction\":[{\"@type\":\"ReadAction\",\"target\":[\"https:\/\/caroccitan.fr\/web\/devenir-membre\/\"]}]},{\"@type\":\"BreadcrumbList\",\"@id\":\"https:\/\/caroccitan.fr\/web\/devenir-membre\/#breadcrumb\",\"itemListElement\":[{\"@type\":\"ListItem\",\"position\":1,\"name\":\"Accueil\",\"item\":\"https:\/\/caroccitan.fr\/web\/\"},{\"@type\":\"ListItem\",\"position\":2,\"name\":\"Devenir membre\"}]},{\"@type\":\"WebSite\",\"@id\":\"https:\/\/caroccitan.fr\/web\/#website\",\"url\":\"https:\/\/caroccitan.fr\/web\/\",\"name\":\"C.A.R Occitan\",\"description\":\"Club des  Amateurs d&#039;Anciennes Renault\",\"publisher\":{\"@id\":\"https:\/\/caroccitan.fr\/web\/#organization\"},\"potentialAction\":[{\"@type\":\"SearchAction\",\"target\":{\"@type\":\"EntryPoint\",\"urlTemplate\":\"https:\/\/caroccitan.fr\/web\/?s={search_term_string}\"},\"query-input\":\"required name=search_term_string\"}],\"inLanguage\":\"fr-FR\"},{\"@type\":\"Organization\",\"@id\":\"https:\/\/caroccitan.fr\/web\/#organization\",\"name\":\"CAR OCCITAN\",\"url\":\"https:\/\/caroccitan.fr\/web\/\",\"logo\":{\"@type\":\"ImageObject\",\"inLanguage\":\"fr-FR\",\"@id\":\"https:\/\/caroccitan.fr\/web\/#\/schema\/logo\/image\/\",\"url\":\"https:\/\/caroccitan.fr\/web\/wp-content\/uploads\/2018\/02\/historique1.jpg\",\"contentUrl\":\"https:\/\/caroccitan.fr\/web\/wp-content\/uploads\/2018\/02\/historique1.jpg\",\"width\":150,\"height\":152,\"caption\":\"CAR OCCITAN\"},\"image\":{\"@id\":\"https:\/\/caroccitan.fr\/web\/#\/schema\/logo\/image\/\"}}]}<\/script>\n<!-- \/ Yoast SEO plugin. -->","yoast_head_json":{"title":"Devenir membre - C.A.R Occitan Lisle sur Tarn 81310","description":"devenir membre. La cotisation \u00ab membre actif \u00bb pour l\u2019exercice 2025 est de 20 \u20ac, 30\u20ac avec Prise Direct ou 46,50 \u20ac avec l\u2019abonnement \u00e0 Mille","robots":{"index":"index","follow":"follow","max-snippet":"max-snippet:-1","max-image-preview":"max-image-preview:large","max-video-preview":"max-video-preview:-1"},"canonical":"https:\/\/caroccitan.fr\/web\/devenir-membre\/","og_locale":"fr_FR","og_type":"article","og_title":"Devenir membre - C.A.R Occitan Lisle sur Tarn 81310","og_description":"devenir membre. La cotisation \u00ab membre actif \u00bb pour l\u2019exercice 2025 est de 20 \u20ac, 30\u20ac avec Prise Direct ou 46,50 \u20ac avec l\u2019abonnement \u00e0 Mille","og_url":"https:\/\/caroccitan.fr\/web\/devenir-membre\/","og_site_name":"C.A.R Occitan","article_modified_time":"2025-03-08T07:08:41+00:00","og_image":[{"url":"https:\/\/caroccitan.fr\/web\/wp-content\/uploads\/2025\/02\/Capture-decran_13-2-2025_161114_.jpeg"}],"twitter_card":"summary_large_image","twitter_misc":{"Dur\u00e9e de lecture estim\u00e9e":"1 minute"},"schema":{"@context":"https:\/\/schema.org","@graph":[{"@type":"WebPage","@id":"https:\/\/caroccitan.fr\/web\/devenir-membre\/","url":"https:\/\/caroccitan.fr\/web\/devenir-membre\/","name":"Devenir membre - C.A.R Occitan Lisle sur Tarn 81310","isPartOf":{"@id":"https:\/\/caroccitan.fr\/web\/#website"},"datePublished":"2025-03-02T06:04:42+00:00","dateModified":"2025-03-08T07:08:41+00:00","description":"devenir membre. La cotisation \u00ab membre actif \u00bb pour l\u2019exercice 2025 est de 20 \u20ac, 30\u20ac avec Prise Direct ou 46,50 \u20ac avec l\u2019abonnement \u00e0 Mille","breadcrumb":{"@id":"https:\/\/caroccitan.fr\/web\/devenir-membre\/#breadcrumb"},"inLanguage":"fr-FR","potentialAction":[{"@type":"ReadAction","target":["https:\/\/caroccitan.fr\/web\/devenir-membre\/"]}]},{"@type":"BreadcrumbList","@id":"https:\/\/caroccitan.fr\/web\/devenir-membre\/#breadcrumb","itemListElement":[{"@type":"ListItem","position":1,"name":"Accueil","item":"https:\/\/caroccitan.fr\/web\/"},{"@type":"ListItem","position":2,"name":"Devenir membre"}]},{"@type":"WebSite","@id":"https:\/\/caroccitan.fr\/web\/#website","url":"https:\/\/caroccitan.fr\/web\/","name":"C.A.R Occitan","description":"Club des  Amateurs d&#039;Anciennes Renault","publisher":{"@id":"https:\/\/caroccitan.fr\/web\/#organization"},"potentialAction":[{"@type":"SearchAction","target":{"@type":"EntryPoint","urlTemplate":"https:\/\/caroccitan.fr\/web\/?s={search_term_string}"},"query-input":"required name=search_term_string"}],"inLanguage":"fr-FR"},{"@type":"Organization","@id":"https:\/\/caroccitan.fr\/web\/#organization","name":"CAR OCCITAN","url":"https:\/\/caroccitan.fr\/web\/","logo":{"@type":"ImageObject","inLanguage":"fr-FR","@id":"https:\/\/caroccitan.fr\/web\/#\/schema\/logo\/image\/","url":"https:\/\/caroccitan.fr\/web\/wp-content\/uploads\/2018\/02\/historique1.jpg","contentUrl":"https:\/\/caroccitan.fr\/web\/wp-content\/uploads\/2018\/02\/historique1.jpg","width":150,"height":152,"caption":"CAR OCCITAN"},"image":{"@id":"https:\/\/caroccitan.fr\/web\/#\/schema\/logo\/image\/"}}]}},"_links":{"self":[{"href":"https:\/\/caroccitan.fr\/web\/wp-json\/wp\/v2\/pages\/931"}],"collection":[{"href":"https:\/\/caroccitan.fr\/web\/wp-json\/wp\/v2\/pages"}],"about":[{"href":"https:\/\/caroccitan.fr\/web\/wp-json\/wp\/v2\/types\/page"}],"author":[{"embeddable":true,"href":"https:\/\/caroccitan.fr\/web\/wp-json\/wp\/v2\/users\/2"}],"replies":[{"embeddable":true,"href":"https:\/\/caroccitan.fr\/web\/wp-json\/wp\/v2\/comments?post=931"}],"version-history":[{"count":17,"href":"https:\/\/caroccitan.fr\/web\/wp-json\/wp\/v2\/pages\/931\/revisions"}],"predecessor-version":[{"id":3539,"href":"https:\/\/caroccitan.fr\/web\/wp-json\/wp\/v2\/pages\/931\/revisions\/3539"}],"wp:attachment":[{"href":"https:\/\/caroccitan.fr\/web\/wp-json\/wp\/v2\/media?parent=931"}],"curies":[{"name":"wp","href":"https:\/\/api.w.org\/{rel}","templated":true}]}}