{"id":929,"date":"2025-03-02T10:04:28","date_gmt":"2025-03-02T09:04:28","guid":{"rendered":"http:\/\/caroccitan.fr\/web\/?page_id=929"},"modified":"2026-01-31T11:50:49","modified_gmt":"2026-01-31T10:50:49","slug":"les-membres","status":"publish","type":"page","link":"https:\/\/caroccitan.fr\/web\/les-membres\/","title":{"rendered":"Les membres"},"content":{"rendered":"<p>[vc_row][vc_column css_animation=&#8221;fadeInLeft&#8221; width=&#8221;1\/3&#8243;][rev_slider_vc alias=&#8221;slider&#8221;][vc_column_text css_animation=&#8221;bounceInDown&#8221;]<strong><span style=\"color: #ff9900;\">La famille s\u2019agrandit :<\/span><\/strong><\/p>\n<p>Nous souhaitons la bienvenue et avons le plaisir d&#8217;accueillir comme nouvel adh\u00e9rent Jean-Claude MEUNIER, Fr\u00e9d\u00e9ric UTZMAN et Paul SANCHEZ .<\/p>\n<p>Une bonne nouvelle qui va agrandir encore notre \u00e9quipe de copains.<br \/>\nBienvenue au C.A.R. Occitan aux nouveaux membres[\/vc_column_text][vc_custom_heading text=&#8221;LES MEMBRES 2026&#8243; font_container=&#8221;tag:h2|font_size:40|text_align:left|color:%23b40911&#8243; use_theme_fonts=&#8221;yes&#8221;][vc_column_text]<em><strong><span style=\"color: #ff9900;\">Le C.A.R. OCCITAN attaque\u00a0 son 41\u00e8me exercice avec 51 adh\u00e9rents.<\/span><\/strong><\/em><br \/>\nDepuis sa cr\u00e9ation, 424 adh\u00e9rents se sont succ\u00e9d\u00e9s au sein du club.\u00a0<span style=\"font-size: 16px; color: #ff9900;\"><span style=\"color: #000000;\"><br \/>\n<\/span><\/span><\/p>\n<h5><span style=\"color: #000000;\"><b>\u2714\u00a0<\/b>ALQUIER Gerard-<a href=\"mailto:louis.andre81@orange.fr\" target=\"_blank\" rel=\"noopener\">gerard.alquier@gmail.com<\/a> <\/span><\/h5>\n<h5><span style=\"color: #000000;\"><b>\u2714 BALAZARD Jean <\/b>&#8211;<b> <\/b><a href=\"mailto:balazard.jean@orange.fr\">balazard.jean@orange.fr<\/a><\/span><\/h5>\n<h5><span style=\"color: #000000;\"><b>\u2714 BASTIDE jean-michel<\/b>\u00a0&#8211;\u00a0<a href=\"mailto:jmbastide7@gmail.com\" target=\"_blank\" rel=\"noopener noreferrer\">jmbastide7@gmail.com<\/a><\/span><\/h5>\n<h5><b><span style=\"color: #000000;\">\u2714 BAUDE Herv\u00e9 &#8211;<\/span> <a href=\"mailto:hbaude81@orange.fr\" target=\"_blank\" rel=\"noopener\">hbaude81@orange.fr<\/a><\/b><\/h5>\n<h5><span style=\"color: #000000;\"><b>\u2714 BERTHELOT Philippe<\/b>\u00a0&#8211; <a href=\"mailto:ph.berthelot@gmail.com\">ph.berthelot@gmail.com<\/a><\/span><\/h5>\n<h5><span style=\"color: #000000;\"><b>\u2714 BIBAL Michel\u00a0<\/b>\u00a0&#8211; <a href=\"mailto:michel.bibal1953@orange.fr\">michel.bibal1953@orange.fr<\/a><\/span><\/h5>\n<h5><span style=\"color: #000000;\"><b>\u2714 BIBAL Marie<\/b><\/span><\/h5>\n<h5><span style=\"color: #000000;\"><b>\u2714 BISSON Thibault <\/b>&#8211;<b> <\/b><a href=\"mailto:bisson.thibault@hotmail.fr\" target=\"_blank\" rel=\"noopener noreferrer\">bisson.thibault@hotmail.fr<\/a><\/span><\/h5>\n<h5><span style=\"color: #000000;\"><b>\u2714 BLANCHARD St\u00e9phane<\/b>&#8211;<a href=\"mailto:boquet@bluewin.ch\"><b> stephaneblanchard64@orange.fr<\/b><\/a><\/span><\/h5>\n<h5><b><span style=\"color: #000000;\">\u2714 BOQUET Jean-Fran\u00e7ois<\/span> <\/b>&#8211;<a href=\"mailto:boquet@bluewin.ch\"><b> boquet@bluewin.ch<\/b><\/a><\/h5>\n<h5><span style=\"color: #000000;\"><b>\u2714 BRICHE Johanne &#8211; <a href=\"mailto:pirlouis@hotmail.fr\">pirlouis@hotmail.fr<\/a><br \/>\n<\/b><\/span><\/h5>\n<h5><span style=\"color: #000000;\"><b>\u2714 BUFFEL Roger<\/b>\u00a0&#8211; <a class=\"dd-trigger sender\" title=\" dominique.buffel@orange.fr \" href=\"dominique.buffel@orange.fr\">dominique.buffel@orange.fr<\/a><\/span><\/h5>\n<h5><span style=\"color: #000000;\"><b>\u2714 CALAC Jeannot <\/b>\u00a0&#8211;<a href=\"mailto:jccbm9@gmail.com\" target=\"_blank\" rel=\"noopener noreferrer\">jccbm9@gmail.com<\/a><\/span><\/h5>\n<h5><strong><span style=\"color: #000000;\">\u2714CALVET \u00c9velyne &#8211;<a href=\"mailto:evelyne.calvet@wanadoo.fr\">evelyne.calvet@wanadoo.fr<\/a><\/span><\/strong><\/h5>\n<h5><span style=\"color: #000000;\"><b>\u2714\u00a0<\/b><strong>CARIA\u00a0<\/strong><strong>Vincent <\/strong>&#8211;<\/span> <a href=\"mailto:vincentcaria@hotmail.com\" target=\"_blank\" rel=\"noopener noreferrer\">vincentcaria@hotmail.com<\/a><\/h5>\n<h5><span style=\"color: #000000;\"><b>\u2714 CARNUS Marc<\/b><\/span><\/h5>\n<h5><b><span style=\"color: #000000;\">\u2714 CAYLA Jean-Claude<\/span> &#8211;\u00a0<a href=\"mailto:cayottes@free.fr\">cayottes@free.fr<\/a><br \/>\n<\/b><\/h5>\n<h5><span style=\"color: #000000;\"><b>\u2714<\/b>COLLIN Pierre &#8211; <a class=\"has-tooltip\" href=\"https:\/\/webmail.sfr.fr\/main.html#write?MSG_TO=107-1-3092418\">pierrecollin17@gmail.com<\/a><\/span><\/h5>\n<h5><b><span style=\"color: #000000;\">\u2714 CROUZET Gilles<\/span> &#8211; <a href=\"mailto:gilles.crouzet6@orange.fr\">gilles.crouzet6@orange.fr<\/a><br \/>\n<\/b><\/h5>\n<p>[\/vc_column_text][\/vc_column][vc_column width=&#8221;1\/3&#8243;][vc_images_carousel images=&#8221;1644,1520,1519,1623,1531,1624,1618,1615,1611,1610,1609,1606,1546,1605,1594,1589,1628,1625,1627,1626,1568,1567&#8243; img_size=&#8221;medium&#8221; speed=&#8221;500&#8243; autoplay=&#8221;yes&#8221; hide_pagination_control=&#8221;yes&#8221; wrap=&#8221;yes&#8221; css_animation=&#8221;bounceIn&#8221;][vc_custom_heading text=&#8221;LES MEMBRES<br \/>\n2026&#8243; font_container=&#8221;tag:h2|font_size:40|text_align:left|color:%23b40911&#8243; use_theme_fonts=&#8221;yes&#8221;][vc_column_text]<\/p>\n<h5><\/h5>\n<h5><span style=\"color: #000000;\"><b>\u2714 DANIEL Alain<\/b><\/span><\/h5>\n<h5><b><span style=\"color: #000000;\">\u2714 DELAUNOY Jean-Pierre-<\/span> <a href=\"mailto:jpdelau@club-internet.fr\" target=\"_blank\" rel=\"noopener\">jpdelau@club-internet.fr<\/a><br \/>\n<\/b><\/h5>\n<h5><span style=\"color: #000000;\"><b>\u2714 <\/b>DERVAUX Jean-Christophe &#8211;<\/span> <a href=\"mailto:jcdervaux@yahoo.fr\" target=\"_blank\" rel=\"noopener\">jcdervaux@yahoo.fr<\/a><\/h5>\n<h5><b><span style=\"color: #000000;\">\u2714 DUBREUIL Philippe &#8211;<\/span> <\/b><a href=\"mailto:philippe-dubreuil@orange.fr\" target=\"_blank\" rel=\"noopener\">philippe-dubreuil@orange.fr<\/a><\/h5>\n<h5><span style=\"color: #000000;\">\u2714DUCOMMUN\u00a0Thierry &#8211;<\/span> <a href=\"mailto:c.ducommun@orange.fr\">c.ducommun@orange.fr<\/a><\/h5>\n<h5><span style=\"color: #000000;\"><b>\u2714 DUPEYRE Daniel<\/b><\/span><\/h5>\n<h5><b><span style=\"color: #000000;\">\u2714\u00a0DUSSART Daniel &#8211;<\/span>\u00a0<a title=\"Ecrire un mail \u00e0 l'adresse dussart.daniel@orange.fr\" href=\"https:\/\/webmail.sfr.fr\/fr_FR\/main.html#write?MSG_TO=34-1-6097984\">dussart.daniel@orange.fr<\/a><\/b><\/h5>\n<h5><span style=\"color: #000000;\"><b>\u2714\u00a0FRAYSSE Jean-Louis <\/b>&#8211;\u00a0<a href=\"mailto:fraysse.jlouis@orange.fr\">fraysse.jlouis@orange.fr<\/a><\/span><\/h5>\n<h5><span style=\"color: #000000;\"><b>\u2714\u00a0<\/b> GUERRERO Marcel<\/span> &#8211; <a href=\"mailto:guerrero.marcelmg16@gmail.com\" target=\"_blank\" rel=\"noopener noreferrer\">guerrero.marcelmg16@gmail.com<\/a><\/h5>\n<h5><span style=\"color: #000000;\"><b>\u2714 <\/b>HARO Dominique &#8211;\u00a0<a href=\"mailto:dom.h1@orange.fr\" target=\"_blank\" rel=\"noopener noreferrer\">dom.h1@orange.fr<\/a><\/span><\/h5>\n<h5><span style=\"color: #000000;\"><b>\u2714 JOUBERT Cyprien &#8211; <a href=\"mailto:joubertcyprien@hotmail.fr\" target=\"_blank\" rel=\"noopener\">joubertcyprien@hotmail.fr<\/a><\/b><\/span><\/h5>\n<h5><b><span style=\"color: #000000;\">\u2714 LARROQUE Jean-Fran\u00e7ois<\/span> &#8211;<a href=\"mailto:jfl81@laposte.net\">jfl81@laposte.net<\/a><\/b><\/h5>\n<h5><span style=\"color: #000000;\"><b>\u2714\u00a0LHERM Jean-Jacques<\/b>&#8211; <a href=\"mailto:jj.lherm@gmail.com\">jj.lherm@gmail.com<\/a><\/span><\/h5>\n<h5><b>\u2714 MEUNIER Jean-Claude <\/b>&#8211; <a href=\"mailto:jcn.meunier@orange.fr\" target=\"_blank\" rel=\"noopener\">jcn.meunier@orange.fr<\/a><\/h5>\n<h5><span style=\"color: #000000;\"><b>\u2714 MISTROT Isabelle <\/b><strong>&#8211; <a href=\"mailto:isabellemistrotvintage@gmail.com\">isabellemistrotvintage@gmail.com<\/a><\/strong><\/span><\/h5>\n<h5><span style=\"color: #000000;\"><b>\u2714 MURAT Christian &#8211; <a href=\"mailto:chrismurat@hotmail.fr\">chrismurat@hotmail.fr<\/a><\/b><\/span><\/h5>\n<h5><span style=\"color: #000000;\"><b>\u2714 <strong>OULI\u00c9<\/strong><\/b><strong> Jo\u00ebl &#8211; <a href=\"mailto:jocoguitho@gmail.com\">jocoguitho@gmail.com<\/a><\/strong><\/span><\/h5>\n<h5><span style=\"color: #000000;\"><b>\u2714\u00a0PERES Christian\u00a0<\/b>&#8211; <a href=\"mailto:christian.peres@hotmail.fr\">christian.peres@hotmail.fr<\/a><\/span><\/h5>\n<h5><span style=\"color: #000000;\"><b>\u2714 PIGOT Jean-Claude &#8211; <a href=\"mailto:christophe.perez96@orange.fr\">jeanclaude.pigot@bbox.fr<\/a><\/b><\/span><\/h5>\n<h5><span style=\"color: #000000;\"><b>\u2714 PILLON Adrien &#8211; <a href=\"mailto:pil.31@orange.fr\" target=\"_blank\" rel=\"noopener noreferrer\">pil.31@orange.fr<\/a> \u00a0<\/b><\/span><\/h5>\n<h5><span style=\"color: #000000;\"><b>\u2714\u00a0PORTAL St\u00e9phane <\/b>&#8211;<a href=\"mailto:infos@caroccitan.fr\">\u00a0infos@caroccitan.fr<\/a><\/span><\/h5>\n<h5><span style=\"color: #000000;\"><b>\u2714\u00a0POULSEN Jorgen\u00a0<\/b>&#8211; <a href=\"mailto:poulsendk@stofanet.dk\">poulsendk@stofanet.dk<\/a><\/span><\/h5>\n<h5><span style=\"color: #000000;\"><b>\u2714 REBOURS Yves <\/b>&#8211; <a href=\"mailto:rebours.yves@gmail.com\">rebours.yves@gmail.com<\/a><\/span><\/h5>\n<h5><span style=\"color: #000000;\"><b>\u2714\u00a0RIFFARD Jean-Paul\u00a0<\/b>&#8211; <a href=\"mailto:jpriffard@free.fr\">jpriffard@free.fr<\/a><\/span><\/h5>\n<h5><span style=\"color: #000000;\"><b>\u2714 <\/b><\/span><span style=\"color: #000000;\"><b>ROBERT Yves<\/b><\/span><\/h5>\n<h5><span style=\"color: #000000;\"><b>\u2714 SAELENS Jacques &#8211; <a href=\"mailto:jacques.saelens@orange.fr\">jacques.saelens@orange.fr<\/a><\/b><\/span><\/h5>\n<h5><span style=\"color: #000000;\"><b>\u2714 SALLAZ J\u00e9r\u00e9my- <a href=\"mailto:ja.ayw@hotmail.fr\" target=\"_blank\" rel=\"noopener noreferrer\">ja.ayw@hotmail.fr<\/a><\/b><\/span><\/h5>\n<h5><span style=\"color: #000000;\"><b>\u2714 SALLAZ Yannis- <a href=\"mailto:sallazyannis8@gmail.com\" target=\"_blank\" rel=\"noopener\">sallazyannis8@gmail.com<\/a><\/b><\/span><\/h5>\n<h5><b><span style=\"color: #000000;\">\u2714 THAMALET Jean-Claude<\/span> &#8211; <a href=\"mailto:jeanclaudethamalet@gmail.com\" target=\"_blank\" rel=\"noopener\">jeanclaudethamalet@gmail.com<\/a><\/b><\/h5>\n<h5><span style=\"color: #000000;\"><b>\u2714 UTZMAN Fr\u00e9d\u00e9ric- <a href=\"mailto:frederic764@gmail.com\" target=\"_blank\" rel=\"noopener\">frederic764@gmail.com<\/a><\/b><\/span><\/h5>\n<h5><b><span style=\"color: #000000;\">\u2714 VOLANTE Bernard-<\/span> <a href=\"mailto:ja.ayw@hotmail.fr\" target=\"_blank\" rel=\"noopener noreferrer\">soucoupe1952@gmail.com<\/a><\/b><\/h5>\n<p>[\/vc_column_text][\/vc_column][vc_column width=&#8221;1\/3&#8243;][vc_gmaps link=&#8221;#E-8_JTNDaWZyYW1lJTIwc3JjJTNEJTIyaHR0cHMlM0ElMkYlMkZ3d3cuZ29vZ2xlLmNvbSUyRm1hcHMlMkZlbWJlZCUzRnBiJTNEJTIxMW0xNCUyMTFtMTIlMjExbTMlMjExZDQ5NC4xMzM1OTkyMDk2NDAwNyUyMTJkMS44MTA0NDg0ODE1NDA4ODgzJTIxM2Q0My44NTI3NDkyODY5Mjk2OSUyMTJtMyUyMTFmMCUyMTJmMCUyMTNmMCUyMTNtMiUyMTFpMTAyNCUyMTJpNzY4JTIxNGYxMy4xJTIxNWUwJTIxM20yJTIxMXNmciUyMTJzZnIlMjE0djE1NTczOTMwNzYwMzUlMjE1bTIlMjExc2ZyJTIxMnNmciUyMiUyMHdpZHRoJTNEJTIyNjAwJTIyJTIwaGVpZ2h0JTNEJTIyNDUwJTIyJTIwZnJhbWVib3JkZXIlM0QlMjIwJTIyJTIwc3R5bGUlM0QlMjJib3JkZXIlM0EwJTIyJTIwYWxsb3dmdWxsc2NyZWVuJTNFJTNDJTJGaWZyYW1lJTNF&#8221; size=&#8221;&#8221;][vc_widget_sidebar sidebar_id=&#8221;blog_sideber&#8221;][vc_single_image image=&#8221;3524&#8243; img_size=&#8221;full&#8221; alignment=&#8221;center&#8221;][vc_gmaps link=&#8221;#E-8_JTNDaWZyYW1lJTIwc3JjJTNEJTIyaHR0cHMlM0ElMkYlMkZ3d3cuZ29vZ2xlLmNvbSUyRm1hcHMlMkZlbWJlZCUzRnBiJTNEJTIxMW0xNCUyMTFtMTIlMjExbTMlMjExZDQ5NC4xMzM1OTkyMDk2NDAwNyUyMTJkMS44MTA0NDg0ODE1NDA4ODgzJTIxM2Q0My44NTI3NDkyODY5Mjk2OSUyMTJtMyUyMTFmMCUyMTJmMCUyMTNmMCUyMTNtMiUyMTFpMTAyNCUyMTJpNzY4JTIxNGYxMy4xJTIxNWUwJTIxM20yJTIxMXNmciUyMTJzZnIlMjE0djE1NTczOTMwNzYwMzUlMjE1bTIlMjExc2ZyJTIxMnNmciUyMiUyMHdpZHRoJTNEJTIyNjAwJTIyJTIwaGVpZ2h0JTNEJTIyNDUwJTIyJTIwZnJhbWVib3JkZXIlM0QlMjIwJTIyJTIwc3R5bGUlM0QlMjJib3JkZXIlM0EwJTIyJTIwYWxsb3dmdWxsc2NyZWVuJTNFJTNDJTJGaWZyYW1lJTNF&#8221; size=&#8221;&#8221;][\/vc_column][\/vc_row][vc_row][vc_column][\/vc_column][\/vc_row][vc_row][vc_column][vc_single_image image=&#8221;3471&#8243; img_size=&#8221;full&#8221; alignment=&#8221;center&#8221;][\/vc_column][\/vc_row]<\/p>\n","protected":false},"excerpt":{"rendered":"<p>[vc_row][vc_column css_animation=&#8221;fadeInLeft&#8221; width=&#8221;1\/3&#8243;][rev_slider_vc alias=&#8221;slider&#8221;][vc_column_text css_animation=&#8221;bounceInDown&#8221;]La famille s\u2019agrandit : Nous souhaitons la bienvenue et avons le plaisir d&#8217;accueillir comme nouvel adh\u00e9rent Jean-Claude MEUNIER, Fr\u00e9d\u00e9ric UTZMAN et Paul SANCHEZ . Une bonne nouvelle qui va agrandir encore notre \u00e9quipe de copains. Bienvenue au C.A.R. Occitan aux nouveaux membres[\/vc_column_text][vc_custom_heading text=&#8221;LES MEMBRES 2026&#8243; font_container=&#8221;tag:h2|font_size:40|text_align:left|color:%23b40911&#8243; use_theme_fonts=&#8221;yes&#8221;][vc_column_text]Le C.A.R. OCCITAN attaque\u00a0 son [&hellip;]<\/p>\n","protected":false},"author":2,"featured_media":1244,"parent":0,"menu_order":0,"comment_status":"closed","ping_status":"closed","template":"","meta":{"footnotes":""},"yoast_head":"<!-- This site is optimized with the Yoast SEO plugin v20.4 - https:\/\/yoast.com\/wordpress\/plugins\/seo\/ -->\n<title>Les membres - C.A.R Occitan Lisle sur Tarn 81600<\/title>\n<meta name=\"description\" content=\"Le C.A.R OCCITAN attaque\u00a0son 41\u00e8me exercice avec 51 adh\u00e9rents. Depuis sa cr\u00e9ation, 424 adh\u00e9rents se sont succ\u00e9d\u00e9s au sein du club. Les membres\" \/>\n<meta name=\"robots\" content=\"index, follow, max-snippet:-1, max-image-preview:large, max-video-preview:-1\" \/>\n<link rel=\"canonical\" href=\"https:\/\/caroccitan.fr\/web\/les-membres\/\" \/>\n<meta property=\"og:locale\" content=\"fr_FR\" \/>\n<meta property=\"og:type\" content=\"article\" \/>\n<meta property=\"og:title\" content=\"Les membres - C.A.R Occitan Lisle sur Tarn 81600\" \/>\n<meta property=\"og:description\" content=\"Le C.A.R OCCITAN attaque\u00a0son 41\u00e8me exercice avec 51 adh\u00e9rents. Depuis sa cr\u00e9ation, 424 adh\u00e9rents se sont succ\u00e9d\u00e9s au sein du club. Les membres\" \/>\n<meta property=\"og:url\" content=\"https:\/\/caroccitan.fr\/web\/les-membres\/\" \/>\n<meta property=\"og:site_name\" content=\"C.A.R Occitan\" \/>\n<meta property=\"article:modified_time\" content=\"2026-01-31T10:50:49+00:00\" \/>\n<meta property=\"og:image\" content=\"https:\/\/caroccitan.fr\/web\/wp-content\/uploads\/2018\/03\/Image2.jpg\" \/>\n\t<meta property=\"og:image:width\" content=\"686\" \/>\n\t<meta property=\"og:image:height\" content=\"463\" \/>\n\t<meta property=\"og:image:type\" content=\"image\/jpeg\" \/>\n<meta name=\"twitter:card\" content=\"summary_large_image\" \/>\n<meta name=\"twitter:label1\" content=\"Dur\u00e9e de lecture estim\u00e9e\" \/>\n\t<meta name=\"twitter:data1\" content=\"2 minutes\" \/>\n<script type=\"application\/ld+json\" class=\"yoast-schema-graph\">{\"@context\":\"https:\/\/schema.org\",\"@graph\":[{\"@type\":\"WebPage\",\"@id\":\"https:\/\/caroccitan.fr\/web\/les-membres\/\",\"url\":\"https:\/\/caroccitan.fr\/web\/les-membres\/\",\"name\":\"Les membres - C.A.R Occitan Lisle sur Tarn 81600\",\"isPartOf\":{\"@id\":\"https:\/\/caroccitan.fr\/web\/#website\"},\"datePublished\":\"2025-03-02T09:04:28+00:00\",\"dateModified\":\"2026-01-31T10:50:49+00:00\",\"description\":\"Le C.A.R OCCITAN attaque\u00a0son 41\u00e8me exercice avec 51 adh\u00e9rents. Depuis sa cr\u00e9ation, 424 adh\u00e9rents se sont succ\u00e9d\u00e9s au sein du club. Les membres\",\"breadcrumb\":{\"@id\":\"https:\/\/caroccitan.fr\/web\/les-membres\/#breadcrumb\"},\"inLanguage\":\"fr-FR\",\"potentialAction\":[{\"@type\":\"ReadAction\",\"target\":[\"https:\/\/caroccitan.fr\/web\/les-membres\/\"]}]},{\"@type\":\"BreadcrumbList\",\"@id\":\"https:\/\/caroccitan.fr\/web\/les-membres\/#breadcrumb\",\"itemListElement\":[{\"@type\":\"ListItem\",\"position\":1,\"name\":\"Accueil\",\"item\":\"https:\/\/caroccitan.fr\/web\/\"},{\"@type\":\"ListItem\",\"position\":2,\"name\":\"Les membres\"}]},{\"@type\":\"WebSite\",\"@id\":\"https:\/\/caroccitan.fr\/web\/#website\",\"url\":\"https:\/\/caroccitan.fr\/web\/\",\"name\":\"C.A.R Occitan\",\"description\":\"Club des  Amateurs d&#039;Anciennes Renault\",\"publisher\":{\"@id\":\"https:\/\/caroccitan.fr\/web\/#organization\"},\"potentialAction\":[{\"@type\":\"SearchAction\",\"target\":{\"@type\":\"EntryPoint\",\"urlTemplate\":\"https:\/\/caroccitan.fr\/web\/?s={search_term_string}\"},\"query-input\":\"required name=search_term_string\"}],\"inLanguage\":\"fr-FR\"},{\"@type\":\"Organization\",\"@id\":\"https:\/\/caroccitan.fr\/web\/#organization\",\"name\":\"CAR OCCITAN\",\"url\":\"https:\/\/caroccitan.fr\/web\/\",\"logo\":{\"@type\":\"ImageObject\",\"inLanguage\":\"fr-FR\",\"@id\":\"https:\/\/caroccitan.fr\/web\/#\/schema\/logo\/image\/\",\"url\":\"https:\/\/caroccitan.fr\/web\/wp-content\/uploads\/2018\/02\/historique1.jpg\",\"contentUrl\":\"https:\/\/caroccitan.fr\/web\/wp-content\/uploads\/2018\/02\/historique1.jpg\",\"width\":150,\"height\":152,\"caption\":\"CAR OCCITAN\"},\"image\":{\"@id\":\"https:\/\/caroccitan.fr\/web\/#\/schema\/logo\/image\/\"}}]}<\/script>\n<!-- \/ Yoast SEO plugin. -->","yoast_head_json":{"title":"Les membres - C.A.R Occitan Lisle sur Tarn 81600","description":"Le C.A.R OCCITAN attaque\u00a0son 41\u00e8me exercice avec 51 adh\u00e9rents. Depuis sa cr\u00e9ation, 424 adh\u00e9rents se sont succ\u00e9d\u00e9s au sein du club. Les membres","robots":{"index":"index","follow":"follow","max-snippet":"max-snippet:-1","max-image-preview":"max-image-preview:large","max-video-preview":"max-video-preview:-1"},"canonical":"https:\/\/caroccitan.fr\/web\/les-membres\/","og_locale":"fr_FR","og_type":"article","og_title":"Les membres - C.A.R Occitan Lisle sur Tarn 81600","og_description":"Le C.A.R OCCITAN attaque\u00a0son 41\u00e8me exercice avec 51 adh\u00e9rents. Depuis sa cr\u00e9ation, 424 adh\u00e9rents se sont succ\u00e9d\u00e9s au sein du club. Les membres","og_url":"https:\/\/caroccitan.fr\/web\/les-membres\/","og_site_name":"C.A.R Occitan","article_modified_time":"2026-01-31T10:50:49+00:00","og_image":[{"width":686,"height":463,"url":"https:\/\/caroccitan.fr\/web\/wp-content\/uploads\/2018\/03\/Image2.jpg","type":"image\/jpeg"}],"twitter_card":"summary_large_image","twitter_misc":{"Dur\u00e9e de lecture estim\u00e9e":"2 minutes"},"schema":{"@context":"https:\/\/schema.org","@graph":[{"@type":"WebPage","@id":"https:\/\/caroccitan.fr\/web\/les-membres\/","url":"https:\/\/caroccitan.fr\/web\/les-membres\/","name":"Les membres - C.A.R Occitan Lisle sur Tarn 81600","isPartOf":{"@id":"https:\/\/caroccitan.fr\/web\/#website"},"datePublished":"2025-03-02T09:04:28+00:00","dateModified":"2026-01-31T10:50:49+00:00","description":"Le C.A.R OCCITAN attaque\u00a0son 41\u00e8me exercice avec 51 adh\u00e9rents. Depuis sa cr\u00e9ation, 424 adh\u00e9rents se sont succ\u00e9d\u00e9s au sein du club. Les membres","breadcrumb":{"@id":"https:\/\/caroccitan.fr\/web\/les-membres\/#breadcrumb"},"inLanguage":"fr-FR","potentialAction":[{"@type":"ReadAction","target":["https:\/\/caroccitan.fr\/web\/les-membres\/"]}]},{"@type":"BreadcrumbList","@id":"https:\/\/caroccitan.fr\/web\/les-membres\/#breadcrumb","itemListElement":[{"@type":"ListItem","position":1,"name":"Accueil","item":"https:\/\/caroccitan.fr\/web\/"},{"@type":"ListItem","position":2,"name":"Les membres"}]},{"@type":"WebSite","@id":"https:\/\/caroccitan.fr\/web\/#website","url":"https:\/\/caroccitan.fr\/web\/","name":"C.A.R Occitan","description":"Club des  Amateurs d&#039;Anciennes Renault","publisher":{"@id":"https:\/\/caroccitan.fr\/web\/#organization"},"potentialAction":[{"@type":"SearchAction","target":{"@type":"EntryPoint","urlTemplate":"https:\/\/caroccitan.fr\/web\/?s={search_term_string}"},"query-input":"required name=search_term_string"}],"inLanguage":"fr-FR"},{"@type":"Organization","@id":"https:\/\/caroccitan.fr\/web\/#organization","name":"CAR OCCITAN","url":"https:\/\/caroccitan.fr\/web\/","logo":{"@type":"ImageObject","inLanguage":"fr-FR","@id":"https:\/\/caroccitan.fr\/web\/#\/schema\/logo\/image\/","url":"https:\/\/caroccitan.fr\/web\/wp-content\/uploads\/2018\/02\/historique1.jpg","contentUrl":"https:\/\/caroccitan.fr\/web\/wp-content\/uploads\/2018\/02\/historique1.jpg","width":150,"height":152,"caption":"CAR OCCITAN"},"image":{"@id":"https:\/\/caroccitan.fr\/web\/#\/schema\/logo\/image\/"}}]}},"_links":{"self":[{"href":"https:\/\/caroccitan.fr\/web\/wp-json\/wp\/v2\/pages\/929"}],"collection":[{"href":"https:\/\/caroccitan.fr\/web\/wp-json\/wp\/v2\/pages"}],"about":[{"href":"https:\/\/caroccitan.fr\/web\/wp-json\/wp\/v2\/types\/page"}],"author":[{"embeddable":true,"href":"https:\/\/caroccitan.fr\/web\/wp-json\/wp\/v2\/users\/2"}],"replies":[{"embeddable":true,"href":"https:\/\/caroccitan.fr\/web\/wp-json\/wp\/v2\/comments?post=929"}],"version-history":[{"count":89,"href":"https:\/\/caroccitan.fr\/web\/wp-json\/wp\/v2\/pages\/929\/revisions"}],"predecessor-version":[{"id":3822,"href":"https:\/\/caroccitan.fr\/web\/wp-json\/wp\/v2\/pages\/929\/revisions\/3822"}],"wp:featuredmedia":[{"embeddable":true,"href":"https:\/\/caroccitan.fr\/web\/wp-json\/wp\/v2\/media\/1244"}],"wp:attachment":[{"href":"https:\/\/caroccitan.fr\/web\/wp-json\/wp\/v2\/media?parent=929"}],"curies":[{"name":"wp","href":"https:\/\/api.w.org\/{rel}","templated":true}]}}