{"id":927,"date":"2026-01-03T16:04:13","date_gmt":"2026-01-03T15:04:13","guid":{"rendered":"http:\/\/caroccitan.fr\/web\/?page_id=927"},"modified":"2026-01-04T10:16:19","modified_gmt":"2026-01-04T09:16:19","slug":"le-bureau","status":"publish","type":"page","link":"https:\/\/caroccitan.fr\/web\/le-bureau\/","title":{"rendered":"Le bureau et Le conseil d&#8217;administration"},"content":{"rendered":"<p>[vc_row][vc_column css_animation=&#8221;fadeInLeft&#8221; width=&#8221;2\/3&#8243;][vc_custom_heading text=&#8221;LE BUREAU 2026&#8243; font_container=&#8221;tag:h2|font_size:40|text_align:left|color:%23b40911&#8243; use_theme_fonts=&#8221;yes&#8221;][vc_column_text]<span style=\"color: #000000;\"><b>\u2714\u00a0Pr\u00e9sident :\u00a0<\/b>LHERM Jean-Jacques &#8211;\u00a0<a href=\"mailto:jj.lherm@gmail.com\" target=\"_blank\" rel=\"noopener\">jj.lherm@gmail.com<\/a><\/span><\/p>\n<p><span style=\"color: #000000;\"><b>\u2714\u00a0Secr\u00e9taire :\u00a0<\/b><\/span><span style=\"color: #000000;\">BERTHELOT Philippe\u00a0&#8211;\u00a0<\/span><a href=\"mailto:ph.berthelot@gmail.com\" target=\"_blank\" rel=\"noopener\">ph.berthelot@gmail.com<\/a><\/p>\n<p><span style=\"color: #000000;\"><b>\u2714 Tr\u00e9soriere :\u00a0\u00a0<\/b> DUBREUIL <\/span><span style=\"color: #000000;\">Philippe &#8211; <a href=\"mailto:philippe-dubreuil@orange.fr\" target=\"_blank\" rel=\"noopener\">philippe-dubreuil@orange.fr<\/a><\/span><\/p>\n<p><span style=\"color: #000000;\"><b>\u2714\u00a0Correspondant internet : <\/b>PORTAL St\u00e9phan<\/span><span style=\"color: #000000;\">e &#8211; <a href=\"mailto:infos@caroccitan.fr\" target=\"_blank\" rel=\"noopener\">\u00a0infos@caroccitan.fr .<\/a><\/span><br \/>\n<a href=\"mailto:petitesannonces@caroccitan.fr\" target=\"_blank\" rel=\"noopener\">petitesannonces@caroccitan.fr<\/a>.[\/vc_column_text][vc_custom_heading text=&#8221;LE CONSEIL D&#8217;ADMINISTRATION 2025&#8243; font_container=&#8221;tag:h2|font_size:40|text_align:left|color:%23b40911&#8243; use_theme_fonts=&#8221;yes&#8221;][vc_column_text]<\/p>\n<div class=\"page\" data-page-number=\"2\" data-loaded=\"true\">\n<div class=\"textLayer\"><\/div>\n<div>Tiers sortant en 2026:<\/div>\n<div>\n<p>\u00c9velyne CALVET, Jean-Claude CAYLA,\u00a0 Alain DANIEL, Christian P\u00c9R\u00c8S, Jean-Claude PIGOT, Adrien PILLON.<\/p>\n<div class=\"textLayer\">Tiers renouvelable\u00a0en 2027:<\/div>\n<div>Jean BALAZARD, Marie BIBAL, Roger BUFFEL, Philippe DUBREUIL, St\u00e9phane PORTAL, J\u00e9r\u00e9my SALLAZ.<\/div>\n<div>\n<div><\/div>\n<div class=\"textLayer\">Tiers renouvelable en 2028:<\/div>\n<div class=\"textLayer\">Philippe BERTHELOT, Michel BIBAL, Jeannot CALAC, Vincent CARIA, Jean-Jacques LHERM<\/div>\n<\/div>\n<\/div>\n<\/div>\n<p>[\/vc_column_text][vc_single_image image=&#8221;3471&#8243; img_size=&#8221;full&#8221; alignment=&#8221;center&#8221;][\/vc_column][vc_column width=&#8221;1\/3&#8243; css=&#8221;.vc_custom_1519312964958{background-color: #f4f4f4 !important;}&#8221;][vc_wp_search][vc_widget_sidebar sidebar_id=&#8221;blog_sideber&#8221;][\/vc_column][\/vc_row]<\/p>\n","protected":false},"excerpt":{"rendered":"<p>[vc_row][vc_column css_animation=&#8221;fadeInLeft&#8221; width=&#8221;2\/3&#8243;][vc_custom_heading text=&#8221;LE BUREAU 2026&#8243; font_container=&#8221;tag:h2|font_size:40|text_align:left|color:%23b40911&#8243; use_theme_fonts=&#8221;yes&#8221;][vc_column_text]\u2714\u00a0Pr\u00e9sident :\u00a0LHERM Jean-Jacques &#8211;\u00a0jj.lherm@gmail.com \u2714\u00a0Secr\u00e9taire :\u00a0BERTHELOT Philippe\u00a0&#8211;\u00a0ph.berthelot@gmail.com \u2714 Tr\u00e9soriere :\u00a0\u00a0 DUBREUIL Philippe &#8211; philippe-dubreuil@orange.fr \u2714\u00a0Correspondant internet : PORTAL St\u00e9phane &#8211; \u00a0infos@caroccitan.fr . petitesannonces@caroccitan.fr.[\/vc_column_text][vc_custom_heading text=&#8221;LE CONSEIL D&#8217;ADMINISTRATION 2025&#8243; font_container=&#8221;tag:h2|font_size:40|text_align:left|color:%23b40911&#8243; use_theme_fonts=&#8221;yes&#8221;][vc_column_text] Tiers sortant en 2026: \u00c9velyne CALVET, Jean-Claude CAYLA,\u00a0 Alain DANIEL, Christian P\u00c9R\u00c8S, Jean-Claude PIGOT, Adrien PILLON. Tiers renouvelable\u00a0en 2027: [&hellip;]<\/p>\n","protected":false},"author":2,"featured_media":0,"parent":0,"menu_order":0,"comment_status":"closed","ping_status":"closed","template":"","meta":{"footnotes":""},"yoast_head":"<!-- This site is optimized with the Yoast SEO plugin v20.4 - https:\/\/yoast.com\/wordpress\/plugins\/seo\/ -->\n<title>Le bureau et Le conseil d&#039;administration - C.A.R Occitan - 81310<\/title>\n<meta name=\"description\" content=\"Le bureau : Pr\u00e9sident: LHERM J.J, Secr\u00e9taire: BERTHELOT Philippe, Tr\u00e9sorier: DUBREUIL Philippe, Correspondant Internet: PORTAL St\u00e9phane\" \/>\n<meta name=\"robots\" content=\"index, follow, max-snippet:-1, max-image-preview:large, max-video-preview:-1\" \/>\n<link rel=\"canonical\" href=\"https:\/\/caroccitan.fr\/web\/le-bureau\/\" \/>\n<meta property=\"og:locale\" content=\"fr_FR\" \/>\n<meta property=\"og:type\" content=\"article\" \/>\n<meta property=\"og:title\" content=\"Le bureau et Le conseil d&#039;administration - C.A.R Occitan - 81310\" \/>\n<meta property=\"og:description\" content=\"Le bureau : Pr\u00e9sident: LHERM J.J, Secr\u00e9taire: BERTHELOT Philippe, Tr\u00e9sorier: DUBREUIL Philippe, Correspondant Internet: PORTAL St\u00e9phane\" \/>\n<meta property=\"og:url\" content=\"https:\/\/caroccitan.fr\/web\/le-bureau\/\" \/>\n<meta property=\"og:site_name\" content=\"C.A.R Occitan\" \/>\n<meta property=\"article:modified_time\" content=\"2026-01-04T09:16:19+00:00\" \/>\n<meta name=\"twitter:card\" content=\"summary_large_image\" \/>\n<meta name=\"twitter:label1\" content=\"Dur\u00e9e de lecture estim\u00e9e\" \/>\n\t<meta name=\"twitter:data1\" content=\"1 minute\" \/>\n<script type=\"application\/ld+json\" class=\"yoast-schema-graph\">{\"@context\":\"https:\/\/schema.org\",\"@graph\":[{\"@type\":\"WebPage\",\"@id\":\"https:\/\/caroccitan.fr\/web\/le-bureau\/\",\"url\":\"https:\/\/caroccitan.fr\/web\/le-bureau\/\",\"name\":\"Le bureau et Le conseil d'administration - C.A.R Occitan - 81310\",\"isPartOf\":{\"@id\":\"https:\/\/caroccitan.fr\/web\/#website\"},\"datePublished\":\"2026-01-03T15:04:13+00:00\",\"dateModified\":\"2026-01-04T09:16:19+00:00\",\"description\":\"Le bureau : Pr\u00e9sident: LHERM J.J, Secr\u00e9taire: BERTHELOT Philippe, Tr\u00e9sorier: DUBREUIL Philippe, Correspondant Internet: PORTAL St\u00e9phane\",\"breadcrumb\":{\"@id\":\"https:\/\/caroccitan.fr\/web\/le-bureau\/#breadcrumb\"},\"inLanguage\":\"fr-FR\",\"potentialAction\":[{\"@type\":\"ReadAction\",\"target\":[\"https:\/\/caroccitan.fr\/web\/le-bureau\/\"]}]},{\"@type\":\"BreadcrumbList\",\"@id\":\"https:\/\/caroccitan.fr\/web\/le-bureau\/#breadcrumb\",\"itemListElement\":[{\"@type\":\"ListItem\",\"position\":1,\"name\":\"Accueil\",\"item\":\"https:\/\/caroccitan.fr\/web\/\"},{\"@type\":\"ListItem\",\"position\":2,\"name\":\"Le bureau et Le conseil d&#8217;administration\"}]},{\"@type\":\"WebSite\",\"@id\":\"https:\/\/caroccitan.fr\/web\/#website\",\"url\":\"https:\/\/caroccitan.fr\/web\/\",\"name\":\"C.A.R Occitan\",\"description\":\"Club des  Amateurs d&#039;Anciennes Renault\",\"publisher\":{\"@id\":\"https:\/\/caroccitan.fr\/web\/#organization\"},\"potentialAction\":[{\"@type\":\"SearchAction\",\"target\":{\"@type\":\"EntryPoint\",\"urlTemplate\":\"https:\/\/caroccitan.fr\/web\/?s={search_term_string}\"},\"query-input\":\"required name=search_term_string\"}],\"inLanguage\":\"fr-FR\"},{\"@type\":\"Organization\",\"@id\":\"https:\/\/caroccitan.fr\/web\/#organization\",\"name\":\"CAR OCCITAN\",\"url\":\"https:\/\/caroccitan.fr\/web\/\",\"logo\":{\"@type\":\"ImageObject\",\"inLanguage\":\"fr-FR\",\"@id\":\"https:\/\/caroccitan.fr\/web\/#\/schema\/logo\/image\/\",\"url\":\"https:\/\/caroccitan.fr\/web\/wp-content\/uploads\/2018\/02\/historique1.jpg\",\"contentUrl\":\"https:\/\/caroccitan.fr\/web\/wp-content\/uploads\/2018\/02\/historique1.jpg\",\"width\":150,\"height\":152,\"caption\":\"CAR OCCITAN\"},\"image\":{\"@id\":\"https:\/\/caroccitan.fr\/web\/#\/schema\/logo\/image\/\"}}]}<\/script>\n<!-- \/ Yoast SEO plugin. -->","yoast_head_json":{"title":"Le bureau et Le conseil d'administration - C.A.R Occitan - 81310","description":"Le bureau : Pr\u00e9sident: LHERM J.J, Secr\u00e9taire: BERTHELOT Philippe, Tr\u00e9sorier: DUBREUIL Philippe, Correspondant Internet: PORTAL St\u00e9phane","robots":{"index":"index","follow":"follow","max-snippet":"max-snippet:-1","max-image-preview":"max-image-preview:large","max-video-preview":"max-video-preview:-1"},"canonical":"https:\/\/caroccitan.fr\/web\/le-bureau\/","og_locale":"fr_FR","og_type":"article","og_title":"Le bureau et Le conseil d'administration - C.A.R Occitan - 81310","og_description":"Le bureau : Pr\u00e9sident: LHERM J.J, Secr\u00e9taire: BERTHELOT Philippe, Tr\u00e9sorier: DUBREUIL Philippe, Correspondant Internet: PORTAL St\u00e9phane","og_url":"https:\/\/caroccitan.fr\/web\/le-bureau\/","og_site_name":"C.A.R Occitan","article_modified_time":"2026-01-04T09:16:19+00:00","twitter_card":"summary_large_image","twitter_misc":{"Dur\u00e9e de lecture estim\u00e9e":"1 minute"},"schema":{"@context":"https:\/\/schema.org","@graph":[{"@type":"WebPage","@id":"https:\/\/caroccitan.fr\/web\/le-bureau\/","url":"https:\/\/caroccitan.fr\/web\/le-bureau\/","name":"Le bureau et Le conseil d'administration - C.A.R Occitan - 81310","isPartOf":{"@id":"https:\/\/caroccitan.fr\/web\/#website"},"datePublished":"2026-01-03T15:04:13+00:00","dateModified":"2026-01-04T09:16:19+00:00","description":"Le bureau : Pr\u00e9sident: LHERM J.J, Secr\u00e9taire: BERTHELOT Philippe, Tr\u00e9sorier: DUBREUIL Philippe, Correspondant Internet: PORTAL St\u00e9phane","breadcrumb":{"@id":"https:\/\/caroccitan.fr\/web\/le-bureau\/#breadcrumb"},"inLanguage":"fr-FR","potentialAction":[{"@type":"ReadAction","target":["https:\/\/caroccitan.fr\/web\/le-bureau\/"]}]},{"@type":"BreadcrumbList","@id":"https:\/\/caroccitan.fr\/web\/le-bureau\/#breadcrumb","itemListElement":[{"@type":"ListItem","position":1,"name":"Accueil","item":"https:\/\/caroccitan.fr\/web\/"},{"@type":"ListItem","position":2,"name":"Le bureau et Le conseil d&#8217;administration"}]},{"@type":"WebSite","@id":"https:\/\/caroccitan.fr\/web\/#website","url":"https:\/\/caroccitan.fr\/web\/","name":"C.A.R Occitan","description":"Club des  Amateurs d&#039;Anciennes Renault","publisher":{"@id":"https:\/\/caroccitan.fr\/web\/#organization"},"potentialAction":[{"@type":"SearchAction","target":{"@type":"EntryPoint","urlTemplate":"https:\/\/caroccitan.fr\/web\/?s={search_term_string}"},"query-input":"required name=search_term_string"}],"inLanguage":"fr-FR"},{"@type":"Organization","@id":"https:\/\/caroccitan.fr\/web\/#organization","name":"CAR OCCITAN","url":"https:\/\/caroccitan.fr\/web\/","logo":{"@type":"ImageObject","inLanguage":"fr-FR","@id":"https:\/\/caroccitan.fr\/web\/#\/schema\/logo\/image\/","url":"https:\/\/caroccitan.fr\/web\/wp-content\/uploads\/2018\/02\/historique1.jpg","contentUrl":"https:\/\/caroccitan.fr\/web\/wp-content\/uploads\/2018\/02\/historique1.jpg","width":150,"height":152,"caption":"CAR OCCITAN"},"image":{"@id":"https:\/\/caroccitan.fr\/web\/#\/schema\/logo\/image\/"}}]}},"_links":{"self":[{"href":"https:\/\/caroccitan.fr\/web\/wp-json\/wp\/v2\/pages\/927"}],"collection":[{"href":"https:\/\/caroccitan.fr\/web\/wp-json\/wp\/v2\/pages"}],"about":[{"href":"https:\/\/caroccitan.fr\/web\/wp-json\/wp\/v2\/types\/page"}],"author":[{"embeddable":true,"href":"https:\/\/caroccitan.fr\/web\/wp-json\/wp\/v2\/users\/2"}],"replies":[{"embeddable":true,"href":"https:\/\/caroccitan.fr\/web\/wp-json\/wp\/v2\/comments?post=927"}],"version-history":[{"count":41,"href":"https:\/\/caroccitan.fr\/web\/wp-json\/wp\/v2\/pages\/927\/revisions"}],"predecessor-version":[{"id":3798,"href":"https:\/\/caroccitan.fr\/web\/wp-json\/wp\/v2\/pages\/927\/revisions\/3798"}],"wp:attachment":[{"href":"https:\/\/caroccitan.fr\/web\/wp-json\/wp\/v2\/media?parent=927"}],"curies":[{"name":"wp","href":"https:\/\/api.w.org\/{rel}","templated":true}]}}