{"id":925,"date":"2025-02-22T16:04:02","date_gmt":"2025-02-22T15:04:02","guid":{"rendered":"http:\/\/caroccitan.fr\/web\/?page_id=925"},"modified":"2026-04-07T06:22:05","modified_gmt":"2026-04-07T04:22:05","slug":"historique","status":"publish","type":"page","link":"https:\/\/caroccitan.fr\/web\/historique\/","title":{"rendered":"Historique"},"content":{"rendered":"<p>[vc_row][vc_column css_animation=&#8221;fadeInLeft&#8221; width=&#8221;2\/3&#8243;][rev_slider_vc alias=&#8221;slider&#8221;][vc_single_image image=&#8221;3524&#8243; img_size=&#8221;full&#8221; alignment=&#8221;center&#8221; css_animation=&#8221;fadeIn&#8221;][vc_custom_heading text=&#8221;HISTORIQUE&#8221; font_container=&#8221;tag:h2|font_size:40|text_align:center|color:%23b40911&#8243; use_theme_fonts=&#8221;yes&#8221;][vc_column_text]<span style=\"color: #000000;\"><strong>Trait d\u2019union entre Atlantique et M\u00e9diterran\u00e9e<\/strong><\/span><\/p>\n<p>L\u2019histoire du C.A.R (Club des Amateurs d&#8217;Anciennes Renault) OCCITAN a d\u00e9marr\u00e9 le 12 juillet 1985 \u00e0 <a href=\"http:\/\/www.ville-lisle-sur-tarn.fr\/\" target=\"_blank\" rel=\"noopener noreferrer\">Lisle-sur-Tarn<\/a>, petite ville du Tarn sous l\u2019impulsion d\u2019une poign\u00e9e d\u2019inconditionnels de la marque \u00ab au losange \u00bb. Si elle se situe principalement dans le Midi Toulousain, sa zone d\u2019action s\u2019exerce aujourd&#8217;hui bien au-del\u00e0, \u00e9tablissant ainsi un v\u00e9ritable trait d\u2019union entre Atlantique et M\u00e9diterran\u00e9e. Le C.A.R. OCCITAN compte parmi la grande famille des clubs d\u2019amateurs d\u2019anciennes Renault, regroup\u00e9s autour du <a href=\"http:\/\/www.anciennesrenault.com\/\" target=\"_blank\" rel=\"noopener noreferrer\">C.A.R. ILE DE FRANCE<\/a> faisant office de f\u00e9d\u00e9ration. Il est aussi membre de la F\u00e9d\u00e9ration Fran\u00e7aise des V\u00e9hicule d\u2019\u00c9poque (<a href=\"http:\/\/www.ffve.org\/\" target=\"_blank\" rel=\"noopener noreferrer\">FFVE<\/a>).<\/p>\n<p><span style=\"color: #000000;\"><strong>La force d\u2019un club de copains<\/strong><\/span><\/p>\n<p>En s\u2019appuyant sur les sensibilit\u00e9s particuli\u00e8res de ses membres, le C.A.R. OCCITAN a toujours su s\u2019adapter aux \u00e9v\u00e9nements, aux modes et aux contraintes de la vie moderne. C\u2019est ainsi qu\u2019il se lan\u00e7a tr\u00e8s vite dans la p\u00e9rilleuse aventure des <strong>bourses d\u2019\u00e9changes<\/strong>, jusqu&#8217;\u00e0 ce que la crise et la mont\u00e9e en puissance d\u2019Internet et des r\u00e9seaux sociaux ne lui imposent d\u2019aller explorer d\u2019autres horizons. Pour r\u00e9pondre \u00e0 la demande de nombreux possesseurs de R8 Gordini, le club a fait fabriquer depuis 1992 pas moins de 700 joints de capot moteur (7 s\u00e9ries de 100).<\/p>\n<p>Le C.A.R. OCCITAN a r\u00e9ellement acquis ses lettres de noblesse en 1990, en lan\u00e7ant le\u00a0<strong>rassemblement national d\u2019anciennes Renault<\/strong> pour f\u00eater le cinquantenaire de la conception de la 4CV. Assortie de l\u2019\u00e9dition d\u2019une s\u00e9rie de <strong>t\u00e9l\u00e9cartes<\/strong> \u00e0 l\u2019effigie de la petite \u00ab\u00a04 pattes\u00a0\u00bb, m\u00e9dailles et autres porte-cl\u00e9s, cette grande manifestation populaire connut un tel succ\u00e8s qu\u2019elle dura 20 ann\u00e9es cons\u00e9cutives, jusqu\u2019\u00e0 l\u2019\u00e9t\u00e9 2009. Le\u00a0<strong>rassemblement national d\u2019anciennes Renault<\/strong> a fait conna\u00eetre le club et <a href=\"http:\/\/www.ville-lisle-sur-tarn.fr\/\" target=\"_blank\" rel=\"noopener noreferrer\">la ville de Lisle-sur-Tarn<\/a> partout en France, jusqu\u2019en Espagne, Belgique et m\u00eame jusqu\u2019au Danemark.<\/p>\n<p><span style=\"color: #000000;\"><strong>Le C.A.R. OCCITAN joue la carte \u00ab\u00a0jeunes\u00a0\u00bb<\/strong><\/span><\/p>\n<p>Profitant de sa popularit\u00e9 devenue l\u00e9gendaire, bas\u00e9e sur la camaraderie et la convivialit\u00e9, le C.A.R. OCCITAN est r\u00e9solument tourn\u00e9 vers la jeunesse. Pr\u00e9sent dans les grands moments comme le centenaire de Renault, il participe \u00e9galement aux \u00e9v\u00e9nements r\u00e9gionaux aux c\u00f4t\u00e9s des clubs d\u2019Occitanie, Provence ou Aquitaine avec lesquels il partage des instants d\u2019amiti\u00e9 autour de balades touristiques. En s\u2019engageant aux c\u00f4t\u00e9s de son plus jeune adh\u00e9rent dans le cadre de sa participation au \u00ab <a href=\"https:\/\/www.4ltrophy.com\" target=\"_blank\" rel=\"noopener noreferrer\">4L Trophy<\/a> \u00bb, le C.A.R. OCCITAN a amorc\u00e9 son ancrage dans la grande famille des \u00ab youngtimers \u00bb.<\/p>\n<p>La pluralit\u00e9 est aujourd\u2019hui de mise. C\u2019est dans ce souci de rassemblement que le C.A.R. OCCITAN propose d\u00e9sormais une rencontre estivale annuelle, \u00ab\u00a0<a href=\"https:\/\/caroccitan.fr\/web\/samedi-7-juillet-2018-2eme-occitania-auto-retro\/\">OCCITANIA AUTO R\u00c9TRO<\/a>\u00a0\u00bb aux amateurs de v\u00e9hicules anciens de toutes marques\u2026[\/vc_column_text][vc_btn title=&#8221;CONTACTEZ-NOUS&#8221; color=&#8221;warning&#8221; align=&#8221;center&#8221; link=&#8221;url:http%3A%2F%2Fcaroccitan.fr%2Fweb%2Fcontact%2F|||&#8221;][vc_gmaps link=&#8221;#E-8_JTNDaWZyYW1lJTIwc3JjJTNEJTIyaHR0cHMlM0ElMkYlMkZ3d3cuZ29vZ2xlLmNvbSUyRm1hcHMlMkZlbWJlZCUzRnBiJTNEJTIxMW0xNCUyMTFtMTIlMjExbTMlMjExZDQ5NC4xMzM1OTkyMDk2NDAwNyUyMTJkMS44MTA0NDg0ODE1NDA4ODgzJTIxM2Q0My44NTI3NDkyODY5Mjk2OSUyMTJtMyUyMTFmMCUyMTJmMCUyMTNmMCUyMTNtMiUyMTFpMTAyNCUyMTJpNzY4JTIxNGYxMy4xJTIxNWUwJTIxM20yJTIxMXNmciUyMTJzZnIlMjE0djE1NTczOTMwNzYwMzUlMjE1bTIlMjExc2ZyJTIxMnNmciUyMiUyMHdpZHRoJTNEJTIyNjAwJTIyJTIwaGVpZ2h0JTNEJTIyNDUwJTIyJTIwZnJhbWVib3JkZXIlM0QlMjIwJTIyJTIwc3R5bGUlM0QlMjJib3JkZXIlM0EwJTIyJTIwYWxsb3dmdWxsc2NyZWVuJTNFJTNDJTJGaWZyYW1lJTNF&#8221;][\/vc_column][vc_column width=&#8221;1\/3&#8243; css=&#8221;.vc_custom_1519312964958{background-color: #f4f4f4 !important;}&#8221;][vc_wp_search][vc_widget_sidebar sidebar_id=&#8221;blog_sideber&#8221;][vc_wp_posts number=&#8221;5&#8243;][\/vc_column][\/vc_row]<\/p>\n","protected":false},"excerpt":{"rendered":"<p>[vc_row][vc_column css_animation=&#8221;fadeInLeft&#8221; width=&#8221;2\/3&#8243;][rev_slider_vc alias=&#8221;slider&#8221;][vc_single_image image=&#8221;3524&#8243; img_size=&#8221;full&#8221; alignment=&#8221;center&#8221; css_animation=&#8221;fadeIn&#8221;][vc_custom_heading text=&#8221;HISTORIQUE&#8221; font_container=&#8221;tag:h2|font_size:40|text_align:center|color:%23b40911&#8243; use_theme_fonts=&#8221;yes&#8221;][vc_column_text]Trait d\u2019union entre Atlantique et M\u00e9diterran\u00e9e L\u2019histoire du C.A.R (Club des Amateurs d&#8217;Anciennes Renault) OCCITAN a d\u00e9marr\u00e9 le 12 juillet 1985 \u00e0 Lisle-sur-Tarn, petite ville du Tarn sous l\u2019impulsion d\u2019une poign\u00e9e d\u2019inconditionnels de la marque \u00ab au losange \u00bb. Si elle se situe principalement dans [&hellip;]<\/p>\n","protected":false},"author":2,"featured_media":3524,"parent":0,"menu_order":0,"comment_status":"closed","ping_status":"closed","template":"","meta":{"footnotes":""},"yoast_head":"<!-- This site is optimized with the Yoast SEO plugin v20.4 - https:\/\/yoast.com\/wordpress\/plugins\/seo\/ -->\n<title>Historique - C.A.R Occitan - 81310 Lisle sur Tarn.....<\/title>\n<meta name=\"description\" content=\"Le C.A.R (Club des Amateurs d&#039;Anciennes Renault) OCCITAN a d\u00e9marr\u00e9 le 12 juillet 1985 \u00e0 Lisle-sur-Tarn,sous l\u2019impulsion d\u2019inconditionnels de\" \/>\n<meta name=\"robots\" content=\"index, follow, max-snippet:-1, max-image-preview:large, max-video-preview:-1\" \/>\n<link rel=\"canonical\" href=\"https:\/\/caroccitan.fr\/web\/historique\/\" \/>\n<meta property=\"og:locale\" content=\"fr_FR\" \/>\n<meta property=\"og:type\" content=\"article\" \/>\n<meta property=\"og:title\" content=\"Historique - C.A.R Occitan - 81310 Lisle sur Tarn.....\" \/>\n<meta property=\"og:description\" content=\"Le C.A.R (Club des Amateurs d&#039;Anciennes Renault) OCCITAN a d\u00e9marr\u00e9 le 12 juillet 1985 \u00e0 Lisle-sur-Tarn,sous l\u2019impulsion d\u2019inconditionnels de\" \/>\n<meta property=\"og:url\" content=\"https:\/\/caroccitan.fr\/web\/historique\/\" \/>\n<meta property=\"og:site_name\" content=\"C.A.R Occitan\" \/>\n<meta property=\"article:modified_time\" content=\"2026-04-07T04:22:05+00:00\" \/>\n<meta property=\"og:image\" content=\"https:\/\/caroccitan.fr\/web\/wp-content\/uploads\/2025\/02\/Capture-decran_13-2-2025_161114_-e1739701702330.jpeg\" \/>\n\t<meta property=\"og:image:width\" content=\"238\" \/>\n\t<meta property=\"og:image:height\" content=\"200\" \/>\n\t<meta property=\"og:image:type\" content=\"image\/jpeg\" \/>\n<meta name=\"twitter:card\" content=\"summary_large_image\" \/>\n<meta name=\"twitter:label1\" content=\"Dur\u00e9e de lecture estim\u00e9e\" \/>\n\t<meta name=\"twitter:data1\" content=\"3 minutes\" \/>\n<script type=\"application\/ld+json\" class=\"yoast-schema-graph\">{\"@context\":\"https:\/\/schema.org\",\"@graph\":[{\"@type\":\"WebPage\",\"@id\":\"https:\/\/caroccitan.fr\/web\/historique\/\",\"url\":\"https:\/\/caroccitan.fr\/web\/historique\/\",\"name\":\"Historique - C.A.R Occitan - 81310 Lisle sur Tarn.....\",\"isPartOf\":{\"@id\":\"https:\/\/caroccitan.fr\/web\/#website\"},\"datePublished\":\"2025-02-22T15:04:02+00:00\",\"dateModified\":\"2026-04-07T04:22:05+00:00\",\"description\":\"Le C.A.R (Club des Amateurs d'Anciennes Renault) OCCITAN a d\u00e9marr\u00e9 le 12 juillet 1985 \u00e0 Lisle-sur-Tarn,sous l\u2019impulsion d\u2019inconditionnels de\",\"breadcrumb\":{\"@id\":\"https:\/\/caroccitan.fr\/web\/historique\/#breadcrumb\"},\"inLanguage\":\"fr-FR\",\"potentialAction\":[{\"@type\":\"ReadAction\",\"target\":[\"https:\/\/caroccitan.fr\/web\/historique\/\"]}]},{\"@type\":\"BreadcrumbList\",\"@id\":\"https:\/\/caroccitan.fr\/web\/historique\/#breadcrumb\",\"itemListElement\":[{\"@type\":\"ListItem\",\"position\":1,\"name\":\"Accueil\",\"item\":\"https:\/\/caroccitan.fr\/web\/\"},{\"@type\":\"ListItem\",\"position\":2,\"name\":\"Historique\"}]},{\"@type\":\"WebSite\",\"@id\":\"https:\/\/caroccitan.fr\/web\/#website\",\"url\":\"https:\/\/caroccitan.fr\/web\/\",\"name\":\"C.A.R Occitan\",\"description\":\"Club des  Amateurs d&#039;Anciennes Renault\",\"publisher\":{\"@id\":\"https:\/\/caroccitan.fr\/web\/#organization\"},\"potentialAction\":[{\"@type\":\"SearchAction\",\"target\":{\"@type\":\"EntryPoint\",\"urlTemplate\":\"https:\/\/caroccitan.fr\/web\/?s={search_term_string}\"},\"query-input\":\"required name=search_term_string\"}],\"inLanguage\":\"fr-FR\"},{\"@type\":\"Organization\",\"@id\":\"https:\/\/caroccitan.fr\/web\/#organization\",\"name\":\"CAR OCCITAN\",\"url\":\"https:\/\/caroccitan.fr\/web\/\",\"logo\":{\"@type\":\"ImageObject\",\"inLanguage\":\"fr-FR\",\"@id\":\"https:\/\/caroccitan.fr\/web\/#\/schema\/logo\/image\/\",\"url\":\"https:\/\/caroccitan.fr\/web\/wp-content\/uploads\/2018\/02\/historique1.jpg\",\"contentUrl\":\"https:\/\/caroccitan.fr\/web\/wp-content\/uploads\/2018\/02\/historique1.jpg\",\"width\":150,\"height\":152,\"caption\":\"CAR OCCITAN\"},\"image\":{\"@id\":\"https:\/\/caroccitan.fr\/web\/#\/schema\/logo\/image\/\"}}]}<\/script>\n<!-- \/ Yoast SEO plugin. -->","yoast_head_json":{"title":"Historique - C.A.R Occitan - 81310 Lisle sur Tarn.....","description":"Le C.A.R (Club des Amateurs d'Anciennes Renault) OCCITAN a d\u00e9marr\u00e9 le 12 juillet 1985 \u00e0 Lisle-sur-Tarn,sous l\u2019impulsion d\u2019inconditionnels de","robots":{"index":"index","follow":"follow","max-snippet":"max-snippet:-1","max-image-preview":"max-image-preview:large","max-video-preview":"max-video-preview:-1"},"canonical":"https:\/\/caroccitan.fr\/web\/historique\/","og_locale":"fr_FR","og_type":"article","og_title":"Historique - C.A.R Occitan - 81310 Lisle sur Tarn.....","og_description":"Le C.A.R (Club des Amateurs d'Anciennes Renault) OCCITAN a d\u00e9marr\u00e9 le 12 juillet 1985 \u00e0 Lisle-sur-Tarn,sous l\u2019impulsion d\u2019inconditionnels de","og_url":"https:\/\/caroccitan.fr\/web\/historique\/","og_site_name":"C.A.R Occitan","article_modified_time":"2026-04-07T04:22:05+00:00","og_image":[{"width":238,"height":200,"url":"https:\/\/caroccitan.fr\/web\/wp-content\/uploads\/2025\/02\/Capture-decran_13-2-2025_161114_-e1739701702330.jpeg","type":"image\/jpeg"}],"twitter_card":"summary_large_image","twitter_misc":{"Dur\u00e9e de lecture estim\u00e9e":"3 minutes"},"schema":{"@context":"https:\/\/schema.org","@graph":[{"@type":"WebPage","@id":"https:\/\/caroccitan.fr\/web\/historique\/","url":"https:\/\/caroccitan.fr\/web\/historique\/","name":"Historique - C.A.R Occitan - 81310 Lisle sur Tarn.....","isPartOf":{"@id":"https:\/\/caroccitan.fr\/web\/#website"},"datePublished":"2025-02-22T15:04:02+00:00","dateModified":"2026-04-07T04:22:05+00:00","description":"Le C.A.R (Club des Amateurs d'Anciennes Renault) OCCITAN a d\u00e9marr\u00e9 le 12 juillet 1985 \u00e0 Lisle-sur-Tarn,sous l\u2019impulsion d\u2019inconditionnels de","breadcrumb":{"@id":"https:\/\/caroccitan.fr\/web\/historique\/#breadcrumb"},"inLanguage":"fr-FR","potentialAction":[{"@type":"ReadAction","target":["https:\/\/caroccitan.fr\/web\/historique\/"]}]},{"@type":"BreadcrumbList","@id":"https:\/\/caroccitan.fr\/web\/historique\/#breadcrumb","itemListElement":[{"@type":"ListItem","position":1,"name":"Accueil","item":"https:\/\/caroccitan.fr\/web\/"},{"@type":"ListItem","position":2,"name":"Historique"}]},{"@type":"WebSite","@id":"https:\/\/caroccitan.fr\/web\/#website","url":"https:\/\/caroccitan.fr\/web\/","name":"C.A.R Occitan","description":"Club des  Amateurs d&#039;Anciennes Renault","publisher":{"@id":"https:\/\/caroccitan.fr\/web\/#organization"},"potentialAction":[{"@type":"SearchAction","target":{"@type":"EntryPoint","urlTemplate":"https:\/\/caroccitan.fr\/web\/?s={search_term_string}"},"query-input":"required name=search_term_string"}],"inLanguage":"fr-FR"},{"@type":"Organization","@id":"https:\/\/caroccitan.fr\/web\/#organization","name":"CAR OCCITAN","url":"https:\/\/caroccitan.fr\/web\/","logo":{"@type":"ImageObject","inLanguage":"fr-FR","@id":"https:\/\/caroccitan.fr\/web\/#\/schema\/logo\/image\/","url":"https:\/\/caroccitan.fr\/web\/wp-content\/uploads\/2018\/02\/historique1.jpg","contentUrl":"https:\/\/caroccitan.fr\/web\/wp-content\/uploads\/2018\/02\/historique1.jpg","width":150,"height":152,"caption":"CAR OCCITAN"},"image":{"@id":"https:\/\/caroccitan.fr\/web\/#\/schema\/logo\/image\/"}}]}},"_links":{"self":[{"href":"https:\/\/caroccitan.fr\/web\/wp-json\/wp\/v2\/pages\/925"}],"collection":[{"href":"https:\/\/caroccitan.fr\/web\/wp-json\/wp\/v2\/pages"}],"about":[{"href":"https:\/\/caroccitan.fr\/web\/wp-json\/wp\/v2\/types\/page"}],"author":[{"embeddable":true,"href":"https:\/\/caroccitan.fr\/web\/wp-json\/wp\/v2\/users\/2"}],"replies":[{"embeddable":true,"href":"https:\/\/caroccitan.fr\/web\/wp-json\/wp\/v2\/comments?post=925"}],"version-history":[{"count":30,"href":"https:\/\/caroccitan.fr\/web\/wp-json\/wp\/v2\/pages\/925\/revisions"}],"predecessor-version":[{"id":2704,"href":"https:\/\/caroccitan.fr\/web\/wp-json\/wp\/v2\/pages\/925\/revisions\/2704"}],"wp:featuredmedia":[{"embeddable":true,"href":"https:\/\/caroccitan.fr\/web\/wp-json\/wp\/v2\/media\/3524"}],"wp:attachment":[{"href":"https:\/\/caroccitan.fr\/web\/wp-json\/wp\/v2\/media?parent=925"}],"curies":[{"name":"wp","href":"https:\/\/api.w.org\/{rel}","templated":true}]}}