{"id":780,"date":"2025-03-07T10:22:40","date_gmt":"2025-03-07T09:22:40","guid":{"rendered":"https:\/\/smartdata.tonytemplates.com\/dricub-driving-school\/?page_id=780"},"modified":"2025-09-29T08:27:55","modified_gmt":"2025-09-29T06:27:55","slug":"home","status":"publish","type":"page","link":"https:\/\/caroccitan.fr\/web\/","title":{"rendered":"Home"},"content":{"rendered":"<p>[vc_row full_width=&#8221;stretch_row_content&#8221; el_class=&#8221;in-full-column&#8221; css=&#8221;.vc_custom_1519311793471{padding-top: 0px !important;background-color: #f2f2f2 !important;}&#8221;][vc_column][rev_slider_vc alias=&#8221;slider-home-2&#8243;][vc_single_image image=&#8221;3524&#8243; img_size=&#8221;full&#8221; alignment=&#8221;center&#8221; onclick=&#8221;custom_link&#8221; link=&#8221;http:\/\/caroccitan.fr\/web\/historique\/&#8221;][vc_custom_heading text=&#8221;Le C.A.R. OCCITAN &#8220;Club des Amateurs d&#8217;Anciennes Renault&#8220;<br \/>\nf\u00eate ses 40 ans cette ann\u00e9e<br \/>\n1985-2025&#8243; font_container=&#8221;tag:h2|font_size:40|text_align:center|color:%23b40911&#8243; use_theme_fonts=&#8221;yes&#8221;][\/vc_column][\/vc_row][vc_row full_width=&#8221;stretch_row&#8221; css_animation=&#8221;slideInUp&#8221; css=&#8221;.vc_custom_1519318345558{background-color: #f2f2f2 !important;}&#8221;][vc_column][vc_separator color=&#8221;custom&#8221; el_width=&#8221;10&#8243; accent_color=&#8221;#878787&#8243;][vc_column_text]<\/p>\n<h3 style=\"text-align: center;\"><span style=\"color: #fd9827;\"><strong>Trait d\u2019union entre Atlantique et M\u00e9diterran\u00e9e<\/strong><\/span><\/h3>\n<p style=\"text-align: center;\"><span style=\"color: #000000;\">L\u2019histoire du <a href=\"infos@caroccitan.fr\" target=\"_blank\" rel=\"noopener noreferrer\">Club des Amateurs d&#8217;Anciennes Renault OCCITAN<\/a> a d\u00e9marr\u00e9 le 12 juillet 1985 \u00e0 Lisle-sur-Tarn, petite ville du <a href=\"https:\/\/www.tourisme-tarn.com\/\" target=\"_blank\" rel=\"noopener noreferrer\">Tarn<\/a> sous l\u2019impulsion d\u2019une poign\u00e9e d\u2019inconditionnels de la marque \u00ab au losange \u00bb. Si elle se situe principalement dans le Midi Toulousain. Sa zone d\u2019action s\u2019exerce aujourd&#8217;hui bien au-del\u00e0, \u00e9tablissant ainsi un v\u00e9ritable trait d\u2019union entre Atlantique et M\u00e9diterran\u00e9e. Le\u00a0 <img loading=\"lazy\" decoding=\"async\" class=\"alignnone wp-image-1123\" src=\"https:\/\/caroccitan.fr\/web\/wp-content\/uploads\/2018\/03\/logo-300x83.png\" alt=\"\" width=\"112\" height=\"31\" srcset=\"https:\/\/caroccitan.fr\/web\/wp-content\/uploads\/2018\/03\/logo-300x83.png 300w, https:\/\/caroccitan.fr\/web\/wp-content\/uploads\/2018\/03\/logo.png 360w\" sizes=\"(max-width: 112px) 100vw, 112px\" \/>compte parmi la grande famille des clubs d\u2019amateurs d\u2019anciennes Renault, regroup\u00e9s autour du <a href=\"http:\/\/www.anciennesrenault.com\/\" target=\"_blank\" rel=\"noopener noreferrer\">CAR\u00a0 ILE DE FRANCE<\/a> faisant office de f\u00e9d\u00e9ration. Il est aussi membre de la <a href=\"http:\/\/www.ffve.org\/\" target=\"_blank\" rel=\"noopener noreferrer\">F\u00e9d\u00e9ration Fran\u00e7aise des V\u00e9hicule d\u2019\u00c9poque (FFVE)<\/a>.<\/span><\/p>\n<p>[\/vc_column_text][vc_btn title=&#8221;Lire la suite&#8221; color=&#8221;warning&#8221; align=&#8221;center&#8221; i_icon_fontawesome=&#8221;icon-play3&#8243; add_icon=&#8221;true&#8221; link=&#8221;url:http%3A%2F%2Fcaroccitan.fr%2Fweb%2Fhistorique%2F|||&#8221;][vc_separator color=&#8221;custom&#8221; el_width=&#8221;10&#8243; accent_color=&#8221;#878787&#8243;][vc_custom_heading text=&#8221;ACTUALIT\u00c9S&#8221; font_container=&#8221;tag:h2|font_size:40|text_align:center|color:%23b40911&#8243; use_theme_fonts=&#8221;yes&#8221;][vc_basic_grid post_type=&#8221;post&#8221; max_items=&#8221;12&#8243; style=&#8221;pagination&#8221; items_per_page=&#8221;4&#8243; element_width=&#8221;3&#8243; arrows_design=&#8221;vc_arrow-icon-arrow_09_left&#8221; arrows_position=&#8221;outside&#8221; arrows_color=&#8221;black&#8221; paging_design=&#8221;pagination_default&#8221; paging_color=&#8221;black&#8221; loop=&#8221;yes&#8221; autoplay=&#8221;20-1&#8243; item=&#8221;1063&#8243; grid_id=&#8221;vc_gid:1759127258355-2974b24d-9562-8&#8243; taxonomies=&#8221;28&#8243;][\/vc_column][\/vc_row][vc_row css_animation=&#8221;slideInUp&#8221;][vc_column][vc_wp_posts number=&#8221;5&#8243; show_date=&#8221;1&#8243;][\/vc_column][\/vc_row]<\/p>\n","protected":false},"excerpt":{"rendered":"<p>[vc_row full_width=&#8221;stretch_row_content&#8221; el_class=&#8221;in-full-column&#8221; css=&#8221;.vc_custom_1519311793471{padding-top: 0px !important;background-color: #f2f2f2 !important;}&#8221;][vc_column][rev_slider_vc alias=&#8221;slider-home-2&#8243;][vc_single_image image=&#8221;3524&#8243; img_size=&#8221;full&#8221; alignment=&#8221;center&#8221; onclick=&#8221;custom_link&#8221; link=&#8221;http:\/\/caroccitan.fr\/web\/historique\/&#8221;][vc_custom_heading text=&#8221;Le C.A.R. OCCITAN &#8220;Club des Amateurs d&#8217;Anciennes Renault&#8220; f\u00eate ses 40 ans cette ann\u00e9e 1985-2025&#8243; font_container=&#8221;tag:h2|font_size:40|text_align:center|color:%23b40911&#8243; use_theme_fonts=&#8221;yes&#8221;][\/vc_column][\/vc_row][vc_row full_width=&#8221;stretch_row&#8221; css_animation=&#8221;slideInUp&#8221; css=&#8221;.vc_custom_1519318345558{background-color: #f2f2f2 !important;}&#8221;][vc_column][vc_separator color=&#8221;custom&#8221; el_width=&#8221;10&#8243; accent_color=&#8221;#878787&#8243;][vc_column_text] Trait d\u2019union entre Atlantique et M\u00e9diterran\u00e9e L\u2019histoire du Club des Amateurs d&#8217;Anciennes Renault OCCITAN a d\u00e9marr\u00e9 [&hellip;]<\/p>\n","protected":false},"author":2,"featured_media":3524,"parent":0,"menu_order":0,"comment_status":"closed","ping_status":"closed","template":"","meta":{"footnotes":""},"yoast_head":"<!-- This site is optimized with the Yoast SEO plugin v20.4 - https:\/\/yoast.com\/wordpress\/plugins\/seo\/ -->\n<title>Le Car Occitan - accueil - Club des Amateurs d&#039;Anciennes Renault<\/title>\n<meta name=\"description\" content=\"Le Car occitan doit son dynamisme \u00e0 la volont\u00e9 de ses adh\u00e9rents, qui ont su lui donner sa popularit\u00e9 devenue l\u00e9gendaire,bas\u00e9e.................\" \/>\n<meta name=\"robots\" content=\"index, follow, max-snippet:-1, max-image-preview:large, max-video-preview:-1\" \/>\n<link rel=\"canonical\" href=\"https:\/\/caroccitan.fr\/web\/\" \/>\n<meta property=\"og:locale\" content=\"fr_FR\" \/>\n<meta property=\"og:type\" content=\"article\" \/>\n<meta property=\"og:title\" content=\"Le Car Occitan - accueil - Club des Amateurs d&#039;Anciennes Renault\" \/>\n<meta property=\"og:description\" content=\"Le Car occitan doit son dynamisme \u00e0 la volont\u00e9 de ses adh\u00e9rents, qui ont su lui donner sa popularit\u00e9 devenue l\u00e9gendaire,bas\u00e9e.................\" \/>\n<meta property=\"og:url\" content=\"https:\/\/caroccitan.fr\/web\/\" \/>\n<meta property=\"og:site_name\" content=\"C.A.R Occitan\" \/>\n<meta property=\"article:modified_time\" content=\"2025-09-29T06:27:55+00:00\" \/>\n<meta property=\"og:image\" content=\"https:\/\/caroccitan.fr\/web\/wp-content\/uploads\/2025\/02\/Capture-decran_13-2-2025_161114_-e1739701702330.jpeg\" \/>\n\t<meta property=\"og:image:width\" content=\"238\" \/>\n\t<meta property=\"og:image:height\" content=\"200\" \/>\n\t<meta property=\"og:image:type\" content=\"image\/jpeg\" \/>\n<meta name=\"twitter:card\" content=\"summary_large_image\" \/>\n<meta name=\"twitter:label1\" content=\"Dur\u00e9e de lecture estim\u00e9e\" \/>\n\t<meta name=\"twitter:data1\" content=\"2 minutes\" \/>\n<script type=\"application\/ld+json\" class=\"yoast-schema-graph\">{\"@context\":\"https:\/\/schema.org\",\"@graph\":[{\"@type\":\"WebPage\",\"@id\":\"https:\/\/caroccitan.fr\/web\/\",\"url\":\"https:\/\/caroccitan.fr\/web\/\",\"name\":\"Le Car Occitan - accueil - Club des Amateurs d&#039;Anciennes Renault\",\"isPartOf\":{\"@id\":\"https:\/\/caroccitan.fr\/web\/#website\"},\"datePublished\":\"2025-03-07T09:22:40+00:00\",\"dateModified\":\"2025-09-29T06:27:55+00:00\",\"description\":\"Le Car occitan doit son dynamisme \u00e0 la volont\u00e9 de ses adh\u00e9rents, qui ont su lui donner sa popularit\u00e9 devenue l\u00e9gendaire,bas\u00e9e.................\",\"breadcrumb\":{\"@id\":\"https:\/\/caroccitan.fr\/web\/#breadcrumb\"},\"inLanguage\":\"fr-FR\",\"potentialAction\":[{\"@type\":\"ReadAction\",\"target\":[\"https:\/\/caroccitan.fr\/web\/\"]}]},{\"@type\":\"BreadcrumbList\",\"@id\":\"https:\/\/caroccitan.fr\/web\/#breadcrumb\",\"itemListElement\":[{\"@type\":\"ListItem\",\"position\":1,\"name\":\"Accueil\",\"item\":\"https:\/\/caroccitan.fr\/web\/\"},{\"@type\":\"ListItem\",\"position\":2,\"name\":\"Home\"}]},{\"@type\":\"WebSite\",\"@id\":\"https:\/\/caroccitan.fr\/web\/#website\",\"url\":\"https:\/\/caroccitan.fr\/web\/\",\"name\":\"C.A.R Occitan\",\"description\":\"Club des  Amateurs d&#039;Anciennes Renault\",\"publisher\":{\"@id\":\"https:\/\/caroccitan.fr\/web\/#organization\"},\"potentialAction\":[{\"@type\":\"SearchAction\",\"target\":{\"@type\":\"EntryPoint\",\"urlTemplate\":\"https:\/\/caroccitan.fr\/web\/?s={search_term_string}\"},\"query-input\":\"required name=search_term_string\"}],\"inLanguage\":\"fr-FR\"},{\"@type\":\"Organization\",\"@id\":\"https:\/\/caroccitan.fr\/web\/#organization\",\"name\":\"CAR OCCITAN\",\"url\":\"https:\/\/caroccitan.fr\/web\/\",\"logo\":{\"@type\":\"ImageObject\",\"inLanguage\":\"fr-FR\",\"@id\":\"https:\/\/caroccitan.fr\/web\/#\/schema\/logo\/image\/\",\"url\":\"https:\/\/caroccitan.fr\/web\/wp-content\/uploads\/2018\/02\/historique1.jpg\",\"contentUrl\":\"https:\/\/caroccitan.fr\/web\/wp-content\/uploads\/2018\/02\/historique1.jpg\",\"width\":150,\"height\":152,\"caption\":\"CAR OCCITAN\"},\"image\":{\"@id\":\"https:\/\/caroccitan.fr\/web\/#\/schema\/logo\/image\/\"}}]}<\/script>\n<!-- \/ Yoast SEO plugin. -->","yoast_head_json":{"title":"Le Car Occitan - accueil - Club des Amateurs d&#039;Anciennes Renault","description":"Le Car occitan doit son dynamisme \u00e0 la volont\u00e9 de ses adh\u00e9rents, qui ont su lui donner sa popularit\u00e9 devenue l\u00e9gendaire,bas\u00e9e.................","robots":{"index":"index","follow":"follow","max-snippet":"max-snippet:-1","max-image-preview":"max-image-preview:large","max-video-preview":"max-video-preview:-1"},"canonical":"https:\/\/caroccitan.fr\/web\/","og_locale":"fr_FR","og_type":"article","og_title":"Le Car Occitan - accueil - Club des Amateurs d&#039;Anciennes Renault","og_description":"Le Car occitan doit son dynamisme \u00e0 la volont\u00e9 de ses adh\u00e9rents, qui ont su lui donner sa popularit\u00e9 devenue l\u00e9gendaire,bas\u00e9e.................","og_url":"https:\/\/caroccitan.fr\/web\/","og_site_name":"C.A.R Occitan","article_modified_time":"2025-09-29T06:27:55+00:00","og_image":[{"width":238,"height":200,"url":"https:\/\/caroccitan.fr\/web\/wp-content\/uploads\/2025\/02\/Capture-decran_13-2-2025_161114_-e1739701702330.jpeg","type":"image\/jpeg"}],"twitter_card":"summary_large_image","twitter_misc":{"Dur\u00e9e de lecture estim\u00e9e":"2 minutes"},"schema":{"@context":"https:\/\/schema.org","@graph":[{"@type":"WebPage","@id":"https:\/\/caroccitan.fr\/web\/","url":"https:\/\/caroccitan.fr\/web\/","name":"Le Car Occitan - accueil - Club des Amateurs d&#039;Anciennes Renault","isPartOf":{"@id":"https:\/\/caroccitan.fr\/web\/#website"},"datePublished":"2025-03-07T09:22:40+00:00","dateModified":"2025-09-29T06:27:55+00:00","description":"Le Car occitan doit son dynamisme \u00e0 la volont\u00e9 de ses adh\u00e9rents, qui ont su lui donner sa popularit\u00e9 devenue l\u00e9gendaire,bas\u00e9e.................","breadcrumb":{"@id":"https:\/\/caroccitan.fr\/web\/#breadcrumb"},"inLanguage":"fr-FR","potentialAction":[{"@type":"ReadAction","target":["https:\/\/caroccitan.fr\/web\/"]}]},{"@type":"BreadcrumbList","@id":"https:\/\/caroccitan.fr\/web\/#breadcrumb","itemListElement":[{"@type":"ListItem","position":1,"name":"Accueil","item":"https:\/\/caroccitan.fr\/web\/"},{"@type":"ListItem","position":2,"name":"Home"}]},{"@type":"WebSite","@id":"https:\/\/caroccitan.fr\/web\/#website","url":"https:\/\/caroccitan.fr\/web\/","name":"C.A.R Occitan","description":"Club des  Amateurs d&#039;Anciennes Renault","publisher":{"@id":"https:\/\/caroccitan.fr\/web\/#organization"},"potentialAction":[{"@type":"SearchAction","target":{"@type":"EntryPoint","urlTemplate":"https:\/\/caroccitan.fr\/web\/?s={search_term_string}"},"query-input":"required name=search_term_string"}],"inLanguage":"fr-FR"},{"@type":"Organization","@id":"https:\/\/caroccitan.fr\/web\/#organization","name":"CAR OCCITAN","url":"https:\/\/caroccitan.fr\/web\/","logo":{"@type":"ImageObject","inLanguage":"fr-FR","@id":"https:\/\/caroccitan.fr\/web\/#\/schema\/logo\/image\/","url":"https:\/\/caroccitan.fr\/web\/wp-content\/uploads\/2018\/02\/historique1.jpg","contentUrl":"https:\/\/caroccitan.fr\/web\/wp-content\/uploads\/2018\/02\/historique1.jpg","width":150,"height":152,"caption":"CAR OCCITAN"},"image":{"@id":"https:\/\/caroccitan.fr\/web\/#\/schema\/logo\/image\/"}}]}},"_links":{"self":[{"href":"https:\/\/caroccitan.fr\/web\/wp-json\/wp\/v2\/pages\/780"}],"collection":[{"href":"https:\/\/caroccitan.fr\/web\/wp-json\/wp\/v2\/pages"}],"about":[{"href":"https:\/\/caroccitan.fr\/web\/wp-json\/wp\/v2\/types\/page"}],"author":[{"embeddable":true,"href":"https:\/\/caroccitan.fr\/web\/wp-json\/wp\/v2\/users\/2"}],"replies":[{"embeddable":true,"href":"https:\/\/caroccitan.fr\/web\/wp-json\/wp\/v2\/comments?post=780"}],"version-history":[{"count":181,"href":"https:\/\/caroccitan.fr\/web\/wp-json\/wp\/v2\/pages\/780\/revisions"}],"predecessor-version":[{"id":3750,"href":"https:\/\/caroccitan.fr\/web\/wp-json\/wp\/v2\/pages\/780\/revisions\/3750"}],"wp:featuredmedia":[{"embeddable":true,"href":"https:\/\/caroccitan.fr\/web\/wp-json\/wp\/v2\/media\/3524"}],"wp:attachment":[{"href":"https:\/\/caroccitan.fr\/web\/wp-json\/wp\/v2\/media?parent=780"}],"curies":[{"name":"wp","href":"https:\/\/api.w.org\/{rel}","templated":true}]}}