{"id":2549,"date":"2019-08-06T08:47:54","date_gmt":"2019-08-06T06:47:54","guid":{"rendered":"https:\/\/caroccitan.fr\/web\/?page_id=2549"},"modified":"2025-05-24T08:55:02","modified_gmt":"2025-05-24T06:55:02","slug":"boutique-du-club","status":"publish","type":"page","link":"https:\/\/caroccitan.fr\/web\/boutique-du-club\/","title":{"rendered":"Boutique du club"},"content":{"rendered":"<p>[vc_row][vc_column][vc_single_image image=&#8221;3687&#8243; img_size=&#8221;full&#8221; alignment=&#8221;center&#8221; onclick=&#8221;custom_link&#8221; link=&#8221;https:\/\/caroccitan.fr\/web\/wp-content\/uploads\/2025\/04\/trac-OAR-AVP-CO2.jpeg&#8221;][vc_custom_heading text=&#8221;BOUTIQUE DU CAR OCCITAN&#8221; font_container=&#8221;tag:h2|font_size:40|text_align:center|color:%23f79809&#8243; use_theme_fonts=&#8221;yes&#8221;][vc_column_text]<\/p>\n<h4 style=\"text-align: center;\"><span style=\"color: #ff9900;\">M\u00e9dailles, Portes-cl\u00e9s souvenir, Cartes postales et T\u00e9l\u00e9cartes des divers rassablements d&#8217;anciennes Renault, Coupe-vent, Polo, Casquettes<\/span><\/h4>\n<p style=\"text-align: center;\"><span style=\"color: #ff9900;\"><strong>contact<\/strong>:<\/span> \u00a0 <a href=\"mailto:petitesannonces@caroccitan.fr\" target=\"_blank\" rel=\"noopener\">petitesannonces@caroccitan.fr<\/a> \u00a0 <span style=\"color: #ff9900;\"><strong>ou<\/strong><\/span>\u00a0\u00a0 <a href=\"mailto:portal.stephane@caroccitan.fr\">portal.stephane@caroccitan.fr<\/a><\/p>\n<p>[\/vc_column_text][vc_basic_grid post_type=&#8221;post&#8221; max_items=&#8221;-1&#8243; style=&#8221;load-more&#8221; items_per_page=&#8221;15&#8243; element_width=&#8221;3&#8243; item=&#8221;1063&#8243; initial_loading_animation=&#8221;fadeInUpBig&#8221; btn_color=&#8221;warning&#8221; btn_i_icon_fontawesome=&#8221;icon-right-arrow&#8221; btn_add_icon=&#8221;true&#8221; grid_id=&#8221;vc_gid:1748069630637-e78a0ae9-89fd-5&#8243; taxonomies=&#8221;32&#8243;][vc_single_image image=&#8221;3524&#8243; img_size=&#8221;full&#8221; alignment=&#8221;center&#8221;][vc_widget_sidebar sidebar_id=&#8221;blog_sideber&#8221;][\/vc_column][\/vc_row]<\/p>\n","protected":false},"excerpt":{"rendered":"<p>[vc_row][vc_column][vc_single_image image=&#8221;3687&#8243; img_size=&#8221;full&#8221; alignment=&#8221;center&#8221; onclick=&#8221;custom_link&#8221; link=&#8221;https:\/\/caroccitan.fr\/web\/wp-content\/uploads\/2025\/04\/trac-OAR-AVP-CO2.jpeg&#8221;][vc_custom_heading text=&#8221;BOUTIQUE DU CAR OCCITAN&#8221; font_container=&#8221;tag:h2|font_size:40|text_align:center|color:%23f79809&#8243; use_theme_fonts=&#8221;yes&#8221;][vc_column_text] M\u00e9dailles, Portes-cl\u00e9s souvenir, Cartes postales et T\u00e9l\u00e9cartes des divers rassablements d&#8217;anciennes Renault, Coupe-vent, Polo, Casquettes contact: \u00a0 petitesannonces@caroccitan.fr \u00a0 ou\u00a0\u00a0 portal.stephane@caroccitan.fr [\/vc_column_text][vc_basic_grid post_type=&#8221;post&#8221; max_items=&#8221;-1&#8243; style=&#8221;load-more&#8221; items_per_page=&#8221;15&#8243; element_width=&#8221;3&#8243; item=&#8221;1063&#8243; initial_loading_animation=&#8221;fadeInUpBig&#8221; btn_color=&#8221;warning&#8221; btn_i_icon_fontawesome=&#8221;icon-right-arrow&#8221; btn_add_icon=&#8221;true&#8221; grid_id=&#8221;vc_gid:1748069630637-e78a0ae9-89fd-5&#8243; taxonomies=&#8221;32&#8243;][vc_single_image image=&#8221;3524&#8243; img_size=&#8221;full&#8221; alignment=&#8221;center&#8221;][vc_widget_sidebar sidebar_id=&#8221;blog_sideber&#8221;][\/vc_column][\/vc_row]<\/p>\n","protected":false},"author":2,"featured_media":0,"parent":0,"menu_order":0,"comment_status":"closed","ping_status":"closed","template":"","meta":{"footnotes":""},"yoast_head":"<!-- This site is optimized with the Yoast SEO plugin v20.4 - https:\/\/yoast.com\/wordpress\/plugins\/seo\/ -->\n<title>Boutique du club - C.A.R Occitan Boutique du club<\/title>\n<meta name=\"description\" content=\"Articles du CAR Occitan :m\u00e9dailles,portes-cl\u00e9s souvenir et t\u00e9l\u00e9cartes des divers rassablements d&#039;anciennes Renault,coupe-vent,polo\" \/>\n<meta name=\"robots\" content=\"index, follow, max-snippet:-1, max-image-preview:large, max-video-preview:-1\" \/>\n<link rel=\"canonical\" href=\"https:\/\/caroccitan.fr\/web\/boutique-du-club\/\" \/>\n<meta property=\"og:locale\" content=\"fr_FR\" \/>\n<meta property=\"og:type\" content=\"article\" \/>\n<meta property=\"og:title\" content=\"Boutique du club - C.A.R Occitan Boutique du club\" \/>\n<meta property=\"og:description\" content=\"Articles du CAR Occitan :m\u00e9dailles,portes-cl\u00e9s souvenir et t\u00e9l\u00e9cartes des divers rassablements d&#039;anciennes Renault,coupe-vent,polo\" \/>\n<meta property=\"og:url\" content=\"https:\/\/caroccitan.fr\/web\/boutique-du-club\/\" \/>\n<meta property=\"og:site_name\" content=\"C.A.R Occitan\" \/>\n<meta property=\"article:modified_time\" content=\"2025-05-24T06:55:02+00:00\" \/>\n<meta name=\"twitter:card\" content=\"summary_large_image\" \/>\n<meta name=\"twitter:label1\" content=\"Dur\u00e9e de lecture estim\u00e9e\" \/>\n\t<meta name=\"twitter:data1\" content=\"1 minute\" \/>\n<script type=\"application\/ld+json\" class=\"yoast-schema-graph\">{\"@context\":\"https:\/\/schema.org\",\"@graph\":[{\"@type\":\"WebPage\",\"@id\":\"https:\/\/caroccitan.fr\/web\/boutique-du-club\/\",\"url\":\"https:\/\/caroccitan.fr\/web\/boutique-du-club\/\",\"name\":\"Boutique du club - C.A.R Occitan Boutique du club\",\"isPartOf\":{\"@id\":\"https:\/\/caroccitan.fr\/web\/#website\"},\"datePublished\":\"2019-08-06T06:47:54+00:00\",\"dateModified\":\"2025-05-24T06:55:02+00:00\",\"description\":\"Articles du CAR Occitan :m\u00e9dailles,portes-cl\u00e9s souvenir et t\u00e9l\u00e9cartes des divers rassablements d'anciennes Renault,coupe-vent,polo\",\"breadcrumb\":{\"@id\":\"https:\/\/caroccitan.fr\/web\/boutique-du-club\/#breadcrumb\"},\"inLanguage\":\"fr-FR\",\"potentialAction\":[{\"@type\":\"ReadAction\",\"target\":[\"https:\/\/caroccitan.fr\/web\/boutique-du-club\/\"]}]},{\"@type\":\"BreadcrumbList\",\"@id\":\"https:\/\/caroccitan.fr\/web\/boutique-du-club\/#breadcrumb\",\"itemListElement\":[{\"@type\":\"ListItem\",\"position\":1,\"name\":\"Accueil\",\"item\":\"https:\/\/caroccitan.fr\/web\/\"},{\"@type\":\"ListItem\",\"position\":2,\"name\":\"Boutique du club\"}]},{\"@type\":\"WebSite\",\"@id\":\"https:\/\/caroccitan.fr\/web\/#website\",\"url\":\"https:\/\/caroccitan.fr\/web\/\",\"name\":\"C.A.R Occitan\",\"description\":\"Club des  Amateurs d&#039;Anciennes Renault\",\"publisher\":{\"@id\":\"https:\/\/caroccitan.fr\/web\/#organization\"},\"potentialAction\":[{\"@type\":\"SearchAction\",\"target\":{\"@type\":\"EntryPoint\",\"urlTemplate\":\"https:\/\/caroccitan.fr\/web\/?s={search_term_string}\"},\"query-input\":\"required name=search_term_string\"}],\"inLanguage\":\"fr-FR\"},{\"@type\":\"Organization\",\"@id\":\"https:\/\/caroccitan.fr\/web\/#organization\",\"name\":\"CAR OCCITAN\",\"url\":\"https:\/\/caroccitan.fr\/web\/\",\"logo\":{\"@type\":\"ImageObject\",\"inLanguage\":\"fr-FR\",\"@id\":\"https:\/\/caroccitan.fr\/web\/#\/schema\/logo\/image\/\",\"url\":\"https:\/\/caroccitan.fr\/web\/wp-content\/uploads\/2018\/02\/historique1.jpg\",\"contentUrl\":\"https:\/\/caroccitan.fr\/web\/wp-content\/uploads\/2018\/02\/historique1.jpg\",\"width\":150,\"height\":152,\"caption\":\"CAR OCCITAN\"},\"image\":{\"@id\":\"https:\/\/caroccitan.fr\/web\/#\/schema\/logo\/image\/\"}}]}<\/script>\n<!-- \/ Yoast SEO plugin. -->","yoast_head_json":{"title":"Boutique du club - C.A.R Occitan Boutique du club","description":"Articles du CAR Occitan :m\u00e9dailles,portes-cl\u00e9s souvenir et t\u00e9l\u00e9cartes des divers rassablements d'anciennes Renault,coupe-vent,polo","robots":{"index":"index","follow":"follow","max-snippet":"max-snippet:-1","max-image-preview":"max-image-preview:large","max-video-preview":"max-video-preview:-1"},"canonical":"https:\/\/caroccitan.fr\/web\/boutique-du-club\/","og_locale":"fr_FR","og_type":"article","og_title":"Boutique du club - C.A.R Occitan Boutique du club","og_description":"Articles du CAR Occitan :m\u00e9dailles,portes-cl\u00e9s souvenir et t\u00e9l\u00e9cartes des divers rassablements d'anciennes Renault,coupe-vent,polo","og_url":"https:\/\/caroccitan.fr\/web\/boutique-du-club\/","og_site_name":"C.A.R Occitan","article_modified_time":"2025-05-24T06:55:02+00:00","twitter_card":"summary_large_image","twitter_misc":{"Dur\u00e9e de lecture estim\u00e9e":"1 minute"},"schema":{"@context":"https:\/\/schema.org","@graph":[{"@type":"WebPage","@id":"https:\/\/caroccitan.fr\/web\/boutique-du-club\/","url":"https:\/\/caroccitan.fr\/web\/boutique-du-club\/","name":"Boutique du club - C.A.R Occitan Boutique du club","isPartOf":{"@id":"https:\/\/caroccitan.fr\/web\/#website"},"datePublished":"2019-08-06T06:47:54+00:00","dateModified":"2025-05-24T06:55:02+00:00","description":"Articles du CAR Occitan :m\u00e9dailles,portes-cl\u00e9s souvenir et t\u00e9l\u00e9cartes des divers rassablements d'anciennes Renault,coupe-vent,polo","breadcrumb":{"@id":"https:\/\/caroccitan.fr\/web\/boutique-du-club\/#breadcrumb"},"inLanguage":"fr-FR","potentialAction":[{"@type":"ReadAction","target":["https:\/\/caroccitan.fr\/web\/boutique-du-club\/"]}]},{"@type":"BreadcrumbList","@id":"https:\/\/caroccitan.fr\/web\/boutique-du-club\/#breadcrumb","itemListElement":[{"@type":"ListItem","position":1,"name":"Accueil","item":"https:\/\/caroccitan.fr\/web\/"},{"@type":"ListItem","position":2,"name":"Boutique du club"}]},{"@type":"WebSite","@id":"https:\/\/caroccitan.fr\/web\/#website","url":"https:\/\/caroccitan.fr\/web\/","name":"C.A.R Occitan","description":"Club des  Amateurs d&#039;Anciennes Renault","publisher":{"@id":"https:\/\/caroccitan.fr\/web\/#organization"},"potentialAction":[{"@type":"SearchAction","target":{"@type":"EntryPoint","urlTemplate":"https:\/\/caroccitan.fr\/web\/?s={search_term_string}"},"query-input":"required name=search_term_string"}],"inLanguage":"fr-FR"},{"@type":"Organization","@id":"https:\/\/caroccitan.fr\/web\/#organization","name":"CAR OCCITAN","url":"https:\/\/caroccitan.fr\/web\/","logo":{"@type":"ImageObject","inLanguage":"fr-FR","@id":"https:\/\/caroccitan.fr\/web\/#\/schema\/logo\/image\/","url":"https:\/\/caroccitan.fr\/web\/wp-content\/uploads\/2018\/02\/historique1.jpg","contentUrl":"https:\/\/caroccitan.fr\/web\/wp-content\/uploads\/2018\/02\/historique1.jpg","width":150,"height":152,"caption":"CAR OCCITAN"},"image":{"@id":"https:\/\/caroccitan.fr\/web\/#\/schema\/logo\/image\/"}}]}},"_links":{"self":[{"href":"https:\/\/caroccitan.fr\/web\/wp-json\/wp\/v2\/pages\/2549"}],"collection":[{"href":"https:\/\/caroccitan.fr\/web\/wp-json\/wp\/v2\/pages"}],"about":[{"href":"https:\/\/caroccitan.fr\/web\/wp-json\/wp\/v2\/types\/page"}],"author":[{"embeddable":true,"href":"https:\/\/caroccitan.fr\/web\/wp-json\/wp\/v2\/users\/2"}],"replies":[{"embeddable":true,"href":"https:\/\/caroccitan.fr\/web\/wp-json\/wp\/v2\/comments?post=2549"}],"version-history":[{"count":16,"href":"https:\/\/caroccitan.fr\/web\/wp-json\/wp\/v2\/pages\/2549\/revisions"}],"predecessor-version":[{"id":3711,"href":"https:\/\/caroccitan.fr\/web\/wp-json\/wp\/v2\/pages\/2549\/revisions\/3711"}],"wp:attachment":[{"href":"https:\/\/caroccitan.fr\/web\/wp-json\/wp\/v2\/media?parent=2549"}],"curies":[{"name":"wp","href":"https:\/\/api.w.org\/{rel}","templated":true}]}}