{"id":21,"date":"2017-10-14T05:14:29","date_gmt":"2017-10-14T05:14:29","guid":{"rendered":"https:\/\/smartdata.tonytemplates.com\/driving-school\/?page_id=21"},"modified":"2025-03-26T11:15:08","modified_gmt":"2025-03-26T10:15:08","slug":"contacts-2","status":"publish","type":"page","link":"https:\/\/caroccitan.fr\/web\/contacts-2\/","title":{"rendered":"Contacts"},"content":{"rendered":"<p>[vc_row css_animation=&#8221;none&#8221;][vc_column css_animation=&#8221;fadeInUp&#8221; width=&#8221;2\/3&#8243;][vc_custom_heading text=&#8221;CONTACTS&#8221; font_container=&#8221;tag:h2|font_size:40|text_align:center|color:%23b40911&#8243; use_theme_fonts=&#8221;yes&#8221;][vc_column_text]<\/p>\n<p style=\"text-align: center;\"><span style=\"color: #000000;\"><strong><a href=\"https:\/\/caroccitan.fr\/web\/wp-content\/uploads\/2025\/02\/Capture-decran_13-2-2025_161114_-e1739701702330.jpeg\"><img loading=\"lazy\" decoding=\"async\" class=\"alignnone wp-image-3524\" src=\"https:\/\/caroccitan.fr\/web\/wp-content\/uploads\/2025\/02\/Capture-decran_13-2-2025_161114_-e1739701702330.jpeg\" alt=\"40 ans\" width=\"271\" height=\"228\" \/><\/a><br \/>\nClub des Amateurs d&#8217;Anciennes Renault\u00a0CAR OCCITAN<\/strong><\/span><br \/>\nAssociation Loi 1901 affili\u00e9e \u00e0 la <a href=\"http:\/\/www.ffve.org\/\" target=\"_blank\" rel=\"noopener noreferrer\">FFVE<\/a>\u00a0(N\u00b0786)<br \/>\nAnn\u00e9e de cr\u00e9ation: 1985<\/p>\n<p style=\"text-align: center;\"><span style=\"color: #000000;\"><strong>Si\u00e8ge social<\/strong><\/span><br \/>\nMairie de Lisle-sur-Tarn<br \/>\nAdresse postale: 21, chemin de Prat Long<br \/>\n<a href=\"http:\/\/www.ville-lisle-sur-tarn.fr\">81310 Lisle-sur-Tarn<\/a><\/p>\n<p style=\"text-align: center;\"><span style=\"color: #000000;\"><strong>Contacts<\/strong><\/span><br \/>\nT\u00e9l : 06.26.92.65.17<br \/>\nMail : <a href=\"mailto:infos@caroccitan.fr\">infos@caroccitan.fr<\/a><br \/>\nSite : <a href=\"http:\/\/www.caroccitan.fr\">www.caroccitan.fr<\/a><\/p>\n<p style=\"text-align: center;\"><img loading=\"lazy\" decoding=\"async\" class=\"alignnone size-full wp-image-4\" src=\"http:\/\/caroccitan.fr\/web\/wp-content\/uploads\/2018\/02\/historique1.jpg\" alt=\"\" width=\"150\" height=\"152\" srcset=\"https:\/\/caroccitan.fr\/web\/wp-content\/uploads\/2018\/02\/historique1.jpg 150w, https:\/\/caroccitan.fr\/web\/wp-content\/uploads\/2018\/02\/historique1-100x100.jpg 100w\" sizes=\"(max-width: 150px) 100vw, 150px\" \/><\/p>\n<p>[\/vc_column_text][\/vc_column][vc_column width=&#8221;1\/3&#8243; css=&#8221;.vc_custom_1519312964958{background-color: #f4f4f4 !important;}&#8221;][vc_widget_sidebar sidebar_id=&#8221;blog_sideber&#8221;][\/vc_column][\/vc_row]<\/p>\n","protected":false},"excerpt":{"rendered":"<p>[vc_row css_animation=&#8221;none&#8221;][vc_column css_animation=&#8221;fadeInUp&#8221; width=&#8221;2\/3&#8243;][vc_custom_heading text=&#8221;CONTACTS&#8221; font_container=&#8221;tag:h2|font_size:40|text_align:center|color:%23b40911&#8243; use_theme_fonts=&#8221;yes&#8221;][vc_column_text] Club des Amateurs d&#8217;Anciennes Renault\u00a0CAR OCCITAN Association Loi 1901 affili\u00e9e \u00e0 la FFVE\u00a0(N\u00b0786) Ann\u00e9e de cr\u00e9ation: 1985 Si\u00e8ge social Mairie de Lisle-sur-Tarn Adresse postale: 21, chemin de Prat Long 81310 Lisle-sur-Tarn Contacts T\u00e9l : 06.26.92.65.17 Mail : infos@caroccitan.fr Site : www.caroccitan.fr [\/vc_column_text][\/vc_column][vc_column width=&#8221;1\/3&#8243; css=&#8221;.vc_custom_1519312964958{background-color: #f4f4f4 !important;}&#8221;][vc_widget_sidebar sidebar_id=&#8221;blog_sideber&#8221;][\/vc_column][\/vc_row]<\/p>\n","protected":false},"author":2,"featured_media":3524,"parent":0,"menu_order":0,"comment_status":"closed","ping_status":"closed","template":"contact.php","meta":{"footnotes":""},"yoast_head":"<!-- This site is optimized with the Yoast SEO plugin v20.4 - https:\/\/yoast.com\/wordpress\/plugins\/seo\/ -->\n<title>Contacts - C.A.R Occitan<\/title>\n<meta name=\"description\" content=\"Contacts Club des Amateurs d&#039;Anciennes Renault\u00a0CAR OCCITAN Association Loi 1901 affili\u00e9e \u00e0 la FFVE\u00a0(N\u00b0786)Ann\u00e9e de cr\u00e9ation: 1985\" \/>\n<meta name=\"robots\" content=\"index, follow, max-snippet:-1, max-image-preview:large, max-video-preview:-1\" \/>\n<link rel=\"canonical\" href=\"https:\/\/caroccitan.fr\/web\/contacts-2\/\" \/>\n<meta property=\"og:locale\" content=\"fr_FR\" \/>\n<meta property=\"og:type\" content=\"article\" \/>\n<meta property=\"og:title\" content=\"Contacts - C.A.R Occitan\" \/>\n<meta property=\"og:description\" content=\"Contacts Club des Amateurs d&#039;Anciennes Renault\u00a0CAR OCCITAN Association Loi 1901 affili\u00e9e \u00e0 la FFVE\u00a0(N\u00b0786)Ann\u00e9e de cr\u00e9ation: 1985\" \/>\n<meta property=\"og:url\" content=\"https:\/\/caroccitan.fr\/web\/contacts-2\/\" \/>\n<meta property=\"og:site_name\" content=\"C.A.R Occitan\" \/>\n<meta property=\"article:modified_time\" content=\"2025-03-26T10:15:08+00:00\" \/>\n<meta property=\"og:image\" content=\"https:\/\/caroccitan.fr\/web\/wp-content\/uploads\/2025\/02\/Capture-decran_13-2-2025_161114_-e1739701702330.jpeg\" \/>\n\t<meta property=\"og:image:width\" content=\"238\" \/>\n\t<meta property=\"og:image:height\" content=\"200\" \/>\n\t<meta property=\"og:image:type\" content=\"image\/jpeg\" \/>\n<meta name=\"twitter:card\" content=\"summary_large_image\" \/>\n<meta name=\"twitter:label1\" content=\"Dur\u00e9e de lecture estim\u00e9e\" \/>\n\t<meta name=\"twitter:data1\" content=\"1 minute\" \/>\n<script type=\"application\/ld+json\" class=\"yoast-schema-graph\">{\"@context\":\"https:\/\/schema.org\",\"@graph\":[{\"@type\":\"WebPage\",\"@id\":\"https:\/\/caroccitan.fr\/web\/contacts-2\/\",\"url\":\"https:\/\/caroccitan.fr\/web\/contacts-2\/\",\"name\":\"Contacts - C.A.R Occitan\",\"isPartOf\":{\"@id\":\"https:\/\/caroccitan.fr\/web\/#website\"},\"datePublished\":\"2017-10-14T05:14:29+00:00\",\"dateModified\":\"2025-03-26T10:15:08+00:00\",\"description\":\"Contacts Club des Amateurs d'Anciennes Renault\u00a0CAR OCCITAN Association Loi 1901 affili\u00e9e \u00e0 la FFVE\u00a0(N\u00b0786)Ann\u00e9e de cr\u00e9ation: 1985\",\"breadcrumb\":{\"@id\":\"https:\/\/caroccitan.fr\/web\/contacts-2\/#breadcrumb\"},\"inLanguage\":\"fr-FR\",\"potentialAction\":[{\"@type\":\"ReadAction\",\"target\":[\"https:\/\/caroccitan.fr\/web\/contacts-2\/\"]}]},{\"@type\":\"BreadcrumbList\",\"@id\":\"https:\/\/caroccitan.fr\/web\/contacts-2\/#breadcrumb\",\"itemListElement\":[{\"@type\":\"ListItem\",\"position\":1,\"name\":\"Accueil\",\"item\":\"https:\/\/caroccitan.fr\/web\/\"},{\"@type\":\"ListItem\",\"position\":2,\"name\":\"Contacts\"}]},{\"@type\":\"WebSite\",\"@id\":\"https:\/\/caroccitan.fr\/web\/#website\",\"url\":\"https:\/\/caroccitan.fr\/web\/\",\"name\":\"C.A.R Occitan\",\"description\":\"Club des  Amateurs d&#039;Anciennes Renault\",\"publisher\":{\"@id\":\"https:\/\/caroccitan.fr\/web\/#organization\"},\"potentialAction\":[{\"@type\":\"SearchAction\",\"target\":{\"@type\":\"EntryPoint\",\"urlTemplate\":\"https:\/\/caroccitan.fr\/web\/?s={search_term_string}\"},\"query-input\":\"required name=search_term_string\"}],\"inLanguage\":\"fr-FR\"},{\"@type\":\"Organization\",\"@id\":\"https:\/\/caroccitan.fr\/web\/#organization\",\"name\":\"CAR OCCITAN\",\"url\":\"https:\/\/caroccitan.fr\/web\/\",\"logo\":{\"@type\":\"ImageObject\",\"inLanguage\":\"fr-FR\",\"@id\":\"https:\/\/caroccitan.fr\/web\/#\/schema\/logo\/image\/\",\"url\":\"https:\/\/caroccitan.fr\/web\/wp-content\/uploads\/2018\/02\/historique1.jpg\",\"contentUrl\":\"https:\/\/caroccitan.fr\/web\/wp-content\/uploads\/2018\/02\/historique1.jpg\",\"width\":150,\"height\":152,\"caption\":\"CAR OCCITAN\"},\"image\":{\"@id\":\"https:\/\/caroccitan.fr\/web\/#\/schema\/logo\/image\/\"}}]}<\/script>\n<!-- \/ Yoast SEO plugin. -->","yoast_head_json":{"title":"Contacts - C.A.R Occitan","description":"Contacts Club des Amateurs d'Anciennes Renault\u00a0CAR OCCITAN Association Loi 1901 affili\u00e9e \u00e0 la FFVE\u00a0(N\u00b0786)Ann\u00e9e de cr\u00e9ation: 1985","robots":{"index":"index","follow":"follow","max-snippet":"max-snippet:-1","max-image-preview":"max-image-preview:large","max-video-preview":"max-video-preview:-1"},"canonical":"https:\/\/caroccitan.fr\/web\/contacts-2\/","og_locale":"fr_FR","og_type":"article","og_title":"Contacts - C.A.R Occitan","og_description":"Contacts Club des Amateurs d'Anciennes Renault\u00a0CAR OCCITAN Association Loi 1901 affili\u00e9e \u00e0 la FFVE\u00a0(N\u00b0786)Ann\u00e9e de cr\u00e9ation: 1985","og_url":"https:\/\/caroccitan.fr\/web\/contacts-2\/","og_site_name":"C.A.R Occitan","article_modified_time":"2025-03-26T10:15:08+00:00","og_image":[{"width":238,"height":200,"url":"https:\/\/caroccitan.fr\/web\/wp-content\/uploads\/2025\/02\/Capture-decran_13-2-2025_161114_-e1739701702330.jpeg","type":"image\/jpeg"}],"twitter_card":"summary_large_image","twitter_misc":{"Dur\u00e9e de lecture estim\u00e9e":"1 minute"},"schema":{"@context":"https:\/\/schema.org","@graph":[{"@type":"WebPage","@id":"https:\/\/caroccitan.fr\/web\/contacts-2\/","url":"https:\/\/caroccitan.fr\/web\/contacts-2\/","name":"Contacts - C.A.R Occitan","isPartOf":{"@id":"https:\/\/caroccitan.fr\/web\/#website"},"datePublished":"2017-10-14T05:14:29+00:00","dateModified":"2025-03-26T10:15:08+00:00","description":"Contacts Club des Amateurs d'Anciennes Renault\u00a0CAR OCCITAN Association Loi 1901 affili\u00e9e \u00e0 la FFVE\u00a0(N\u00b0786)Ann\u00e9e de cr\u00e9ation: 1985","breadcrumb":{"@id":"https:\/\/caroccitan.fr\/web\/contacts-2\/#breadcrumb"},"inLanguage":"fr-FR","potentialAction":[{"@type":"ReadAction","target":["https:\/\/caroccitan.fr\/web\/contacts-2\/"]}]},{"@type":"BreadcrumbList","@id":"https:\/\/caroccitan.fr\/web\/contacts-2\/#breadcrumb","itemListElement":[{"@type":"ListItem","position":1,"name":"Accueil","item":"https:\/\/caroccitan.fr\/web\/"},{"@type":"ListItem","position":2,"name":"Contacts"}]},{"@type":"WebSite","@id":"https:\/\/caroccitan.fr\/web\/#website","url":"https:\/\/caroccitan.fr\/web\/","name":"C.A.R Occitan","description":"Club des  Amateurs d&#039;Anciennes Renault","publisher":{"@id":"https:\/\/caroccitan.fr\/web\/#organization"},"potentialAction":[{"@type":"SearchAction","target":{"@type":"EntryPoint","urlTemplate":"https:\/\/caroccitan.fr\/web\/?s={search_term_string}"},"query-input":"required name=search_term_string"}],"inLanguage":"fr-FR"},{"@type":"Organization","@id":"https:\/\/caroccitan.fr\/web\/#organization","name":"CAR OCCITAN","url":"https:\/\/caroccitan.fr\/web\/","logo":{"@type":"ImageObject","inLanguage":"fr-FR","@id":"https:\/\/caroccitan.fr\/web\/#\/schema\/logo\/image\/","url":"https:\/\/caroccitan.fr\/web\/wp-content\/uploads\/2018\/02\/historique1.jpg","contentUrl":"https:\/\/caroccitan.fr\/web\/wp-content\/uploads\/2018\/02\/historique1.jpg","width":150,"height":152,"caption":"CAR OCCITAN"},"image":{"@id":"https:\/\/caroccitan.fr\/web\/#\/schema\/logo\/image\/"}}]}},"_links":{"self":[{"href":"https:\/\/caroccitan.fr\/web\/wp-json\/wp\/v2\/pages\/21"}],"collection":[{"href":"https:\/\/caroccitan.fr\/web\/wp-json\/wp\/v2\/pages"}],"about":[{"href":"https:\/\/caroccitan.fr\/web\/wp-json\/wp\/v2\/types\/page"}],"author":[{"embeddable":true,"href":"https:\/\/caroccitan.fr\/web\/wp-json\/wp\/v2\/users\/2"}],"replies":[{"embeddable":true,"href":"https:\/\/caroccitan.fr\/web\/wp-json\/wp\/v2\/comments?post=21"}],"version-history":[{"count":14,"href":"https:\/\/caroccitan.fr\/web\/wp-json\/wp\/v2\/pages\/21\/revisions"}],"predecessor-version":[{"id":2485,"href":"https:\/\/caroccitan.fr\/web\/wp-json\/wp\/v2\/pages\/21\/revisions\/2485"}],"wp:featuredmedia":[{"embeddable":true,"href":"https:\/\/caroccitan.fr\/web\/wp-json\/wp\/v2\/media\/3524"}],"wp:attachment":[{"href":"https:\/\/caroccitan.fr\/web\/wp-json\/wp\/v2\/media?parent=21"}],"curies":[{"name":"wp","href":"https:\/\/api.w.org\/{rel}","templated":true}]}}