{"id":156,"date":"2025-02-10T10:00:41","date_gmt":"2025-02-10T09:00:41","guid":{"rendered":"https:\/\/smartdata.tonytemplates.com\/driving-school\/?page_id=156"},"modified":"2026-05-07T09:58:24","modified_gmt":"2026-05-07T07:58:24","slug":"blog-listing","status":"publish","type":"page","link":"https:\/\/caroccitan.fr\/web\/blog-listing\/","title":{"rendered":"Actualit\u00e9s"},"content":{"rendered":"<p>[vc_row css=&#8221;.vc_custom_1519321094081{background-color: #f2f2f2 !important;}&#8221;][vc_column][vc_single_image image=&#8221;3874&#8243; img_size=&#8221;full&#8221; alignment=&#8221;center&#8221; onclick=&#8221;custom_link&#8221; img_link_target=&#8221;_blank&#8221; link=&#8221;https:\/\/caroccitan.fr\/web\/wp-content\/uploads\/2025\/04\/trac-OAR-AVP-CO2.jpeg&#8221;][vc_custom_heading text=&#8221;Actualit\u00e9s<br \/>\n&#8221; font_container=&#8221;tag:h2|font_size:40|text_align:center|color:%23b40911&#8243; use_theme_fonts=&#8221;yes&#8221;][vc_single_image image=&#8221;3524&#8243; alignment=&#8221;center&#8221; style=&#8221;vc_box_border&#8221; css_animation=&#8221;flipInY&#8221;][vc_custom_heading text=&#8221;R\u00e9ussir l\u2019ann\u00e9e 2025 est dans tous les esprits !<br \/>\nLe C.A.R. OCCITAN &#8220;Club des Amateurs d&#8217;Anciennes Renault&#8220;<br \/>\nf\u00eate ses 40 ans cette ann\u00e9e<br \/>\n1985-2025<br \/>\n&#8221; font_container=&#8221;tag:h2|font_size:20|text_align:center|color:%23b40911&#8243; use_theme_fonts=&#8221;yes&#8221; css_animation=&#8221;fadeInDown&#8221;][vc_column_text]<\/p>\n<p style=\"text-align: center;\"><span style=\"color: #ff6600;\">Toutes les actualit\u00e9s, les sorties ou les manifestations et dates \u00e0 retenir du Club Amateurs Anciennes Renault Occitan..<\/span><\/p>\n<p>[\/vc_column_text][vc_basic_grid post_type=&#8221;post&#8221; max_items=&#8221;-1&#8243; style=&#8221;load-more&#8221; items_per_page=&#8221;8&#8243; element_width=&#8221;3&#8243; item=&#8221;1063&#8243; initial_loading_animation=&#8221;fadeInUpBig&#8221; btn_title=&#8221;Plus d&#8217;actualit\u00e9s&#8221; btn_color=&#8221;warning&#8221; btn_i_icon_fontawesome=&#8221;icon-right-arrow&#8221; btn_add_icon=&#8221;true&#8221; grid_id=&#8221;vc_gid:1778140375045-3e36f260-212f-0&#8243; taxonomies=&#8221;28&#8243;][vc_video link=&#8221;https:\/\/youtu.be\/04176zl0b_A&#8221; el_width=&#8221;60&#8243; align=&#8221;center&#8221; title=&#8221;Occitania Auto R\u00e9tro 2024&#8230;. La 6\u00e8me \u00e9dition fut pleine de bons moments retrouv\u00e9s.&#8221;][\/vc_column][\/vc_row][vc_row][vc_column][\/vc_column][\/vc_row]<\/p>\n","protected":false},"excerpt":{"rendered":"<p>[vc_row css=&#8221;.vc_custom_1519321094081{background-color: #f2f2f2 !important;}&#8221;][vc_column][vc_single_image image=&#8221;3874&#8243; img_size=&#8221;full&#8221; alignment=&#8221;center&#8221; onclick=&#8221;custom_link&#8221; img_link_target=&#8221;_blank&#8221; link=&#8221;https:\/\/caroccitan.fr\/web\/wp-content\/uploads\/2025\/04\/trac-OAR-AVP-CO2.jpeg&#8221;][vc_custom_heading text=&#8221;Actualit\u00e9s &#8221; font_container=&#8221;tag:h2|font_size:40|text_align:center|color:%23b40911&#8243; use_theme_fonts=&#8221;yes&#8221;][vc_single_image image=&#8221;3524&#8243; alignment=&#8221;center&#8221; style=&#8221;vc_box_border&#8221; css_animation=&#8221;flipInY&#8221;][vc_custom_heading text=&#8221;R\u00e9ussir l\u2019ann\u00e9e 2025 est dans tous les esprits ! Le C.A.R. OCCITAN &#8220;Club des Amateurs d&#8217;Anciennes Renault&#8220; f\u00eate ses 40 ans cette ann\u00e9e 1985-2025 &#8221; font_container=&#8221;tag:h2|font_size:20|text_align:center|color:%23b40911&#8243; use_theme_fonts=&#8221;yes&#8221; css_animation=&#8221;fadeInDown&#8221;][vc_column_text] Toutes les actualit\u00e9s, les sorties ou les manifestations et [&hellip;]<\/p>\n","protected":false},"author":2,"featured_media":0,"parent":0,"menu_order":0,"comment_status":"closed","ping_status":"closed","template":"","meta":{"footnotes":""},"yoast_head":"<!-- This site is optimized with the Yoast SEO plugin v20.4 - https:\/\/yoast.com\/wordpress\/plugins\/seo\/ -->\n<title>Actualit\u00e9s - C.A.R Occitan 81310 Lisle sur Tarn......<\/title>\n<meta name=\"description\" content=\"Toutes les actualit\u00e9s, les sorties ou les manifestations et dates \u00e0 retenir du Club Amateurs Anciennes Renault Occitan..\" \/>\n<meta name=\"robots\" content=\"index, follow, max-snippet:-1, max-image-preview:large, max-video-preview:-1\" \/>\n<link rel=\"canonical\" href=\"https:\/\/caroccitan.fr\/web\/blog-listing\/\" \/>\n<meta property=\"og:locale\" content=\"fr_FR\" \/>\n<meta property=\"og:type\" content=\"article\" \/>\n<meta property=\"og:title\" content=\"Actualit\u00e9s - C.A.R Occitan 81310 Lisle sur Tarn......\" \/>\n<meta property=\"og:description\" content=\"Toutes les actualit\u00e9s, les sorties ou les manifestations et dates \u00e0 retenir du Club Amateurs Anciennes Renault Occitan..\" \/>\n<meta property=\"og:url\" content=\"https:\/\/caroccitan.fr\/web\/blog-listing\/\" \/>\n<meta property=\"og:site_name\" content=\"C.A.R Occitan\" \/>\n<meta property=\"article:modified_time\" content=\"2026-05-07T07:58:24+00:00\" \/>\n<meta name=\"twitter:card\" content=\"summary_large_image\" \/>\n<meta name=\"twitter:label1\" content=\"Dur\u00e9e de lecture estim\u00e9e\" \/>\n\t<meta name=\"twitter:data1\" content=\"1 minute\" \/>\n<script type=\"application\/ld+json\" class=\"yoast-schema-graph\">{\"@context\":\"https:\/\/schema.org\",\"@graph\":[{\"@type\":\"WebPage\",\"@id\":\"https:\/\/caroccitan.fr\/web\/blog-listing\/\",\"url\":\"https:\/\/caroccitan.fr\/web\/blog-listing\/\",\"name\":\"Actualit\u00e9s - C.A.R Occitan 81310 Lisle sur Tarn......\",\"isPartOf\":{\"@id\":\"https:\/\/caroccitan.fr\/web\/#website\"},\"datePublished\":\"2025-02-10T09:00:41+00:00\",\"dateModified\":\"2026-05-07T07:58:24+00:00\",\"description\":\"Toutes les actualit\u00e9s, les sorties ou les manifestations et dates \u00e0 retenir du Club Amateurs Anciennes Renault Occitan..\",\"breadcrumb\":{\"@id\":\"https:\/\/caroccitan.fr\/web\/blog-listing\/#breadcrumb\"},\"inLanguage\":\"fr-FR\",\"potentialAction\":[{\"@type\":\"ReadAction\",\"target\":[\"https:\/\/caroccitan.fr\/web\/blog-listing\/\"]}]},{\"@type\":\"BreadcrumbList\",\"@id\":\"https:\/\/caroccitan.fr\/web\/blog-listing\/#breadcrumb\",\"itemListElement\":[{\"@type\":\"ListItem\",\"position\":1,\"name\":\"Accueil\",\"item\":\"https:\/\/caroccitan.fr\/web\/\"},{\"@type\":\"ListItem\",\"position\":2,\"name\":\"Actualit\u00e9s\"}]},{\"@type\":\"WebSite\",\"@id\":\"https:\/\/caroccitan.fr\/web\/#website\",\"url\":\"https:\/\/caroccitan.fr\/web\/\",\"name\":\"C.A.R Occitan\",\"description\":\"Club des  Amateurs d&#039;Anciennes Renault\",\"publisher\":{\"@id\":\"https:\/\/caroccitan.fr\/web\/#organization\"},\"potentialAction\":[{\"@type\":\"SearchAction\",\"target\":{\"@type\":\"EntryPoint\",\"urlTemplate\":\"https:\/\/caroccitan.fr\/web\/?s={search_term_string}\"},\"query-input\":\"required name=search_term_string\"}],\"inLanguage\":\"fr-FR\"},{\"@type\":\"Organization\",\"@id\":\"https:\/\/caroccitan.fr\/web\/#organization\",\"name\":\"CAR OCCITAN\",\"url\":\"https:\/\/caroccitan.fr\/web\/\",\"logo\":{\"@type\":\"ImageObject\",\"inLanguage\":\"fr-FR\",\"@id\":\"https:\/\/caroccitan.fr\/web\/#\/schema\/logo\/image\/\",\"url\":\"https:\/\/caroccitan.fr\/web\/wp-content\/uploads\/2018\/02\/historique1.jpg\",\"contentUrl\":\"https:\/\/caroccitan.fr\/web\/wp-content\/uploads\/2018\/02\/historique1.jpg\",\"width\":150,\"height\":152,\"caption\":\"CAR OCCITAN\"},\"image\":{\"@id\":\"https:\/\/caroccitan.fr\/web\/#\/schema\/logo\/image\/\"}}]}<\/script>\n<!-- \/ Yoast SEO plugin. -->","yoast_head_json":{"title":"Actualit\u00e9s - C.A.R Occitan 81310 Lisle sur Tarn......","description":"Toutes les actualit\u00e9s, les sorties ou les manifestations et dates \u00e0 retenir du Club Amateurs Anciennes Renault Occitan..","robots":{"index":"index","follow":"follow","max-snippet":"max-snippet:-1","max-image-preview":"max-image-preview:large","max-video-preview":"max-video-preview:-1"},"canonical":"https:\/\/caroccitan.fr\/web\/blog-listing\/","og_locale":"fr_FR","og_type":"article","og_title":"Actualit\u00e9s - C.A.R Occitan 81310 Lisle sur Tarn......","og_description":"Toutes les actualit\u00e9s, les sorties ou les manifestations et dates \u00e0 retenir du Club Amateurs Anciennes Renault Occitan..","og_url":"https:\/\/caroccitan.fr\/web\/blog-listing\/","og_site_name":"C.A.R Occitan","article_modified_time":"2026-05-07T07:58:24+00:00","twitter_card":"summary_large_image","twitter_misc":{"Dur\u00e9e de lecture estim\u00e9e":"1 minute"},"schema":{"@context":"https:\/\/schema.org","@graph":[{"@type":"WebPage","@id":"https:\/\/caroccitan.fr\/web\/blog-listing\/","url":"https:\/\/caroccitan.fr\/web\/blog-listing\/","name":"Actualit\u00e9s - C.A.R Occitan 81310 Lisle sur Tarn......","isPartOf":{"@id":"https:\/\/caroccitan.fr\/web\/#website"},"datePublished":"2025-02-10T09:00:41+00:00","dateModified":"2026-05-07T07:58:24+00:00","description":"Toutes les actualit\u00e9s, les sorties ou les manifestations et dates \u00e0 retenir du Club Amateurs Anciennes Renault Occitan..","breadcrumb":{"@id":"https:\/\/caroccitan.fr\/web\/blog-listing\/#breadcrumb"},"inLanguage":"fr-FR","potentialAction":[{"@type":"ReadAction","target":["https:\/\/caroccitan.fr\/web\/blog-listing\/"]}]},{"@type":"BreadcrumbList","@id":"https:\/\/caroccitan.fr\/web\/blog-listing\/#breadcrumb","itemListElement":[{"@type":"ListItem","position":1,"name":"Accueil","item":"https:\/\/caroccitan.fr\/web\/"},{"@type":"ListItem","position":2,"name":"Actualit\u00e9s"}]},{"@type":"WebSite","@id":"https:\/\/caroccitan.fr\/web\/#website","url":"https:\/\/caroccitan.fr\/web\/","name":"C.A.R Occitan","description":"Club des  Amateurs d&#039;Anciennes Renault","publisher":{"@id":"https:\/\/caroccitan.fr\/web\/#organization"},"potentialAction":[{"@type":"SearchAction","target":{"@type":"EntryPoint","urlTemplate":"https:\/\/caroccitan.fr\/web\/?s={search_term_string}"},"query-input":"required name=search_term_string"}],"inLanguage":"fr-FR"},{"@type":"Organization","@id":"https:\/\/caroccitan.fr\/web\/#organization","name":"CAR OCCITAN","url":"https:\/\/caroccitan.fr\/web\/","logo":{"@type":"ImageObject","inLanguage":"fr-FR","@id":"https:\/\/caroccitan.fr\/web\/#\/schema\/logo\/image\/","url":"https:\/\/caroccitan.fr\/web\/wp-content\/uploads\/2018\/02\/historique1.jpg","contentUrl":"https:\/\/caroccitan.fr\/web\/wp-content\/uploads\/2018\/02\/historique1.jpg","width":150,"height":152,"caption":"CAR OCCITAN"},"image":{"@id":"https:\/\/caroccitan.fr\/web\/#\/schema\/logo\/image\/"}}]}},"_links":{"self":[{"href":"https:\/\/caroccitan.fr\/web\/wp-json\/wp\/v2\/pages\/156"}],"collection":[{"href":"https:\/\/caroccitan.fr\/web\/wp-json\/wp\/v2\/pages"}],"about":[{"href":"https:\/\/caroccitan.fr\/web\/wp-json\/wp\/v2\/types\/page"}],"author":[{"embeddable":true,"href":"https:\/\/caroccitan.fr\/web\/wp-json\/wp\/v2\/users\/2"}],"replies":[{"embeddable":true,"href":"https:\/\/caroccitan.fr\/web\/wp-json\/wp\/v2\/comments?post=156"}],"version-history":[{"count":54,"href":"https:\/\/caroccitan.fr\/web\/wp-json\/wp\/v2\/pages\/156\/revisions"}],"predecessor-version":[{"id":3875,"href":"https:\/\/caroccitan.fr\/web\/wp-json\/wp\/v2\/pages\/156\/revisions\/3875"}],"wp:attachment":[{"href":"https:\/\/caroccitan.fr\/web\/wp-json\/wp\/v2\/media?parent=156"}],"curies":[{"name":"wp","href":"https:\/\/api.w.org\/{rel}","templated":true}]}}